{"id":1569,"date":"2022-09-02T13:08:51","date_gmt":"2022-09-02T11:08:51","guid":{"rendered":"https:\/\/namujewellery.fi\/tuote\/ms128"},"modified":"2022-09-06T09:30:47","modified_gmt":"2022-09-06T07:30:47","slug":"ms128","status":"publish","type":"product","link":"https:\/\/namujewellery.fi\/en\/tuote\/ms128","title":{"rendered":"Ovaali oranssi Montanan safiiri 5,25&#215;7,2mm"},"content":{"rendered":"<p>Koko: 5,25 x 7,2 mm<br \/>\nPaino: 1.19 ct<br \/>\nMuoto: ovaali<br \/>\nV\u00e4ri: oranssi<br \/>\nAlkuper\u00e4: Montana, USA<br \/>\nPuhtaus: ei silminn\u00e4ht\u00e4vi\u00e4 sulkeumia<\/p>\n","protected":false},"excerpt":{"rendered":"<p>T\u00e4m\u00e4 upea oranssi safiiri on kooltaan 5,25 x 7,2mm ja painaa 1.19ct. Kivi on s\u00e4vylt\u00e4\u00e4n kauniin syv\u00e4 oranssi. Kivess\u00e4 ei ole silminn\u00e4ht\u00e4vi\u00e4 sulkeumia, siin\u00e4 on symmetrinen hionta ja eritt\u00e4in hyv\u00e4 loisto. Oiva kivi vaikka halo-sormukseen. Safiiri on per\u00e4isin Montanan osavaltiosta USAsta. L\u00e4mp\u00f6k\u00e4sittely.<\/p>\n","protected":false},"featured_media":1527,"comment_status":"closed","ping_status":"closed","template":"","meta":[],"product_brand":[],"product_cat":[96],"product_tag":[100,89],"class_list":{"0":"post-1569","1":"product","2":"type-product","3":"status-publish","4":"has-post-thumbnail","6":"product_cat-sapphire","7":"product_tag-montanasafiiri-en","8":"product_tag-sapphire","10":"first","11":"instock","12":"taxable","13":"shipping-taxable","14":"purchasable","15":"product-type-variable"},"_links":{"self":[{"href":"https:\/\/namujewellery.fi\/en\/wp-json\/wp\/v2\/product\/1569","targetHints":{"allow":["GET"]}}],"collection":[{"href":"https:\/\/namujewellery.fi\/en\/wp-json\/wp\/v2\/product"}],"about":[{"href":"https:\/\/namujewellery.fi\/en\/wp-json\/wp\/v2\/types\/product"}],"replies":[{"embeddable":true,"href":"https:\/\/namujewellery.fi\/en\/wp-json\/wp\/v2\/comments?post=1569"}],"wp:featuredmedia":[{"embeddable":true,"href":"https:\/\/namujewellery.fi\/en\/wp-json\/wp\/v2\/media\/1527"}],"wp:attachment":[{"href":"https:\/\/namujewellery.fi\/en\/wp-json\/wp\/v2\/media?parent=1569"}],"wp:term":[{"taxonomy":"product_brand","embeddable":true,"href":"https:\/\/namujewellery.fi\/en\/wp-json\/wp\/v2\/product_brand?post=1569"},{"taxonomy":"product_cat","embeddable":true,"href":"https:\/\/namujewellery.fi\/en\/wp-json\/wp\/v2\/product_cat?post=1569"},{"taxonomy":"product_tag","embeddable":true,"href":"https:\/\/namujewellery.fi\/en\/wp-json\/wp\/v2\/product_tag?post=1569"}],"curies":[{"name":"wp","href":"https:\/\/api.w.org\/{rel}","templated":true}]}}