{"id":1571,"date":"2022-09-01T15:08:26","date_gmt":"2022-09-01T13:08:26","guid":{"rendered":"https:\/\/namujewellery.fi\/tuote\/ms127"},"modified":"2023-11-28T17:45:27","modified_gmt":"2023-11-28T15:45:27","slug":"ms127","status":"publish","type":"product","link":"https:\/\/namujewellery.fi\/en\/tuote\/ms127","title":{"rendered":"Ovaali vaalean keltavihre\u00e4 Montanan safiiri 5,1&#215;7,1mm"},"content":{"rendered":"<p>Koko: 5,1 x 7,1 mm<br \/>\nPaino: 0.97 ct<br \/>\nMuoto: ovaali<br \/>\nV\u00e4ri: vaalea keltavihre\u00e4<br \/>\nAlkuper\u00e4: Montana, USA<br \/>\nPuhtaus: luuppipuhdas<\/p>\n","protected":false},"excerpt":{"rendered":"<p>T\u00e4m\u00e4 vaalea keltavihre\u00e4 safiiri on kooltaan 5,1 x 7,1mm ja painaa 0.97ct. Kivi on s\u00e4vylt\u00e4\u00e4n kauniin kev\u00e4inen vaalean vihre\u00e4, joka taittaa hieman keltaiseen. Kivi on hyvin puhdas, siin\u00e4 on symmetrinen hionta ja eritt\u00e4in hyv\u00e4 loisto. Oiva kivi vaikka halo-sormukseen. Safiiri on per\u00e4isin Montanan osavaltiosta USAsta.\u00a0L\u00e4mp\u00f6k\u00e4sittely.<\/p>\n","protected":false},"featured_media":1497,"comment_status":"closed","ping_status":"closed","template":"","meta":[],"product_brand":[],"product_cat":[96],"product_tag":[100,89],"class_list":{"0":"post-1571","1":"product","2":"type-product","3":"status-publish","4":"has-post-thumbnail","6":"product_cat-sapphire","7":"product_tag-montanasafiiri-en","8":"product_tag-sapphire","10":"first","11":"outofstock","12":"taxable","13":"shipping-taxable","14":"purchasable","15":"product-type-variable"},"_links":{"self":[{"href":"https:\/\/namujewellery.fi\/en\/wp-json\/wp\/v2\/product\/1571","targetHints":{"allow":["GET"]}}],"collection":[{"href":"https:\/\/namujewellery.fi\/en\/wp-json\/wp\/v2\/product"}],"about":[{"href":"https:\/\/namujewellery.fi\/en\/wp-json\/wp\/v2\/types\/product"}],"replies":[{"embeddable":true,"href":"https:\/\/namujewellery.fi\/en\/wp-json\/wp\/v2\/comments?post=1571"}],"wp:featuredmedia":[{"embeddable":true,"href":"https:\/\/namujewellery.fi\/en\/wp-json\/wp\/v2\/media\/1497"}],"wp:attachment":[{"href":"https:\/\/namujewellery.fi\/en\/wp-json\/wp\/v2\/media?parent=1571"}],"wp:term":[{"taxonomy":"product_brand","embeddable":true,"href":"https:\/\/namujewellery.fi\/en\/wp-json\/wp\/v2\/product_brand?post=1571"},{"taxonomy":"product_cat","embeddable":true,"href":"https:\/\/namujewellery.fi\/en\/wp-json\/wp\/v2\/product_cat?post=1571"},{"taxonomy":"product_tag","embeddable":true,"href":"https:\/\/namujewellery.fi\/en\/wp-json\/wp\/v2\/product_tag?post=1571"}],"curies":[{"name":"wp","href":"https:\/\/api.w.org\/{rel}","templated":true}]}}