{"id":1573,"date":"2022-08-30T12:00:46","date_gmt":"2022-08-30T10:00:46","guid":{"rendered":"https:\/\/namujewellery.fi\/tuote\/ms126"},"modified":"2022-09-06T09:31:36","modified_gmt":"2022-09-06T07:31:36","slug":"ms126","status":"publish","type":"product","link":"https:\/\/namujewellery.fi\/en\/tuote\/ms126","title":{"rendered":"Py\u00f6re\u00e4 sininen Montanan safiiri 5mm"},"content":{"rendered":"<p>Koko: 5,0 mm<br \/>\nPaino: 0.58 ct<br \/>\nMuoto: py\u00f6re\u00e4 briljantti<br \/>\nV\u00e4ri: vihert\u00e4v\u00e4n sininen<br \/>\nAlkuper\u00e4: Montana, USA<br \/>\nPuhtaus: luuppipuhdas<\/p>\n","protected":false},"excerpt":{"rendered":"<p>T\u00e4m\u00e4 safiiri on s\u00e4vylt\u00e4\u00e4n kaunis vihre\u00e4\u00e4n aavistuksen taittava sininen. Kivi on luuppipuhdas, siin\u00e4 on symmetrinen hionta ja eritt\u00e4in hyv\u00e4 loisto. Safiiri on per\u00e4isin Montanan osavaltiosta USAsta. L\u00e4mp\u00f6k\u00e4sittely.<\/p>\n","protected":false},"featured_media":1325,"comment_status":"closed","ping_status":"closed","template":"","meta":[],"product_brand":[],"product_cat":[96],"product_tag":[100,89],"class_list":{"0":"post-1573","1":"product","2":"type-product","3":"status-publish","4":"has-post-thumbnail","6":"product_cat-sapphire","7":"product_tag-montanasafiiri-en","8":"product_tag-sapphire","10":"first","11":"instock","12":"taxable","13":"shipping-taxable","14":"purchasable","15":"product-type-variable"},"_links":{"self":[{"href":"https:\/\/namujewellery.fi\/en\/wp-json\/wp\/v2\/product\/1573","targetHints":{"allow":["GET"]}}],"collection":[{"href":"https:\/\/namujewellery.fi\/en\/wp-json\/wp\/v2\/product"}],"about":[{"href":"https:\/\/namujewellery.fi\/en\/wp-json\/wp\/v2\/types\/product"}],"replies":[{"embeddable":true,"href":"https:\/\/namujewellery.fi\/en\/wp-json\/wp\/v2\/comments?post=1573"}],"wp:featuredmedia":[{"embeddable":true,"href":"https:\/\/namujewellery.fi\/en\/wp-json\/wp\/v2\/media\/1325"}],"wp:attachment":[{"href":"https:\/\/namujewellery.fi\/en\/wp-json\/wp\/v2\/media?parent=1573"}],"wp:term":[{"taxonomy":"product_brand","embeddable":true,"href":"https:\/\/namujewellery.fi\/en\/wp-json\/wp\/v2\/product_brand?post=1573"},{"taxonomy":"product_cat","embeddable":true,"href":"https:\/\/namujewellery.fi\/en\/wp-json\/wp\/v2\/product_cat?post=1573"},{"taxonomy":"product_tag","embeddable":true,"href":"https:\/\/namujewellery.fi\/en\/wp-json\/wp\/v2\/product_tag?post=1573"}],"curies":[{"name":"wp","href":"https:\/\/api.w.org\/{rel}","templated":true}]}}