{"id":1577,"date":"2022-08-30T10:42:18","date_gmt":"2022-08-30T08:42:18","guid":{"rendered":"https:\/\/namujewellery.fi\/tuote\/ms124"},"modified":"2024-04-15T10:25:49","modified_gmt":"2024-04-15T08:25:49","slug":"ms124","status":"publish","type":"product","link":"https:\/\/namujewellery.fi\/en\/tuote\/ms124","title":{"rendered":"Py\u00f6re\u00e4 harmaanvihre\u00e4 Montanan safiiri 5mm"},"content":{"rendered":"<p>Koko: 5,0 mm<br \/>\nPaino: 0.58 ct<br \/>\nMuoto: py\u00f6re\u00e4 briljantti<br \/>\nV\u00e4ri: vaalea harmaan sinivihre\u00e4<br \/>\nAlkuper\u00e4: Montana, USA<br \/>\nPuhtaus: ei silminn\u00e4ht\u00e4vi\u00e4 sulkeumia<\/p>\n","protected":false},"excerpt":{"rendered":"<p>T\u00e4m\u00e4 safiiri on s\u00e4vylt\u00e4\u00e4n kauniin harmaaseen taittava vaaleanvihre\u00e4. Kivess\u00e4 on pieni\u00e4 sulkeumia, jotka eiv\u00e4t n\u00e4y paljaalle silm\u00e4lle. Sulkeumat eiv\u00e4t vaikuta kiven kauneuteen, eiv\u00e4tk\u00e4 sen kest\u00e4vyyteen, mutta hinnassa t\u00e4m\u00e4 on huomioitu. Huomioi, ett\u00e4 kuva on reilusti suurennettu, jolloin my\u00f6s sulkeumat n\u00e4kyv\u00e4t selke\u00e4mmin. Kivess\u00e4 on symmetrinen hionta ja eritt\u00e4in hyv\u00e4 loisto. Safiiri on per\u00e4isin Montanan osavaltiosta USAsta.<\/p>\n","protected":false},"featured_media":1354,"comment_status":"closed","ping_status":"closed","template":"","meta":[],"product_brand":[],"product_cat":[96],"product_tag":[100,89],"class_list":{"0":"post-1577","1":"product","2":"type-product","3":"status-publish","4":"has-post-thumbnail","6":"product_cat-sapphire","7":"product_tag-montanasafiiri-en","8":"product_tag-sapphire","10":"first","11":"outofstock","12":"taxable","13":"shipping-taxable","14":"purchasable","15":"product-type-variable"},"_links":{"self":[{"href":"https:\/\/namujewellery.fi\/en\/wp-json\/wp\/v2\/product\/1577","targetHints":{"allow":["GET"]}}],"collection":[{"href":"https:\/\/namujewellery.fi\/en\/wp-json\/wp\/v2\/product"}],"about":[{"href":"https:\/\/namujewellery.fi\/en\/wp-json\/wp\/v2\/types\/product"}],"replies":[{"embeddable":true,"href":"https:\/\/namujewellery.fi\/en\/wp-json\/wp\/v2\/comments?post=1577"}],"wp:featuredmedia":[{"embeddable":true,"href":"https:\/\/namujewellery.fi\/en\/wp-json\/wp\/v2\/media\/1354"}],"wp:attachment":[{"href":"https:\/\/namujewellery.fi\/en\/wp-json\/wp\/v2\/media?parent=1577"}],"wp:term":[{"taxonomy":"product_brand","embeddable":true,"href":"https:\/\/namujewellery.fi\/en\/wp-json\/wp\/v2\/product_brand?post=1577"},{"taxonomy":"product_cat","embeddable":true,"href":"https:\/\/namujewellery.fi\/en\/wp-json\/wp\/v2\/product_cat?post=1577"},{"taxonomy":"product_tag","embeddable":true,"href":"https:\/\/namujewellery.fi\/en\/wp-json\/wp\/v2\/product_tag?post=1577"}],"curies":[{"name":"wp","href":"https:\/\/api.w.org\/{rel}","templated":true}]}}