{"id":1579,"date":"2022-08-30T10:32:56","date_gmt":"2022-08-30T08:32:56","guid":{"rendered":"https:\/\/namujewellery.fi\/tuote\/ms123"},"modified":"2024-04-15T10:26:46","modified_gmt":"2024-04-15T08:26:46","slug":"ms123","status":"publish","type":"product","link":"https:\/\/namujewellery.fi\/en\/tuote\/ms123","title":{"rendered":"Py\u00f6re\u00e4 sininen Montanan safiiri 5,05mm"},"content":{"rendered":"<p>Koko: 5,05 mm<br \/>\nPaino: 0.65 ct<br \/>\nMuoto: py\u00f6re\u00e4 briljantti<br \/>\nV\u00e4ri: sininen<br \/>\nAlkuper\u00e4: Montana, USA<br \/>\nPuhtaus: pieni\u00e4 silminn\u00e4ht\u00e4vi\u00e4 sulkeumia<\/p>\n","protected":false},"excerpt":{"rendered":"<p>T\u00e4m\u00e4 safiiri on s\u00e4vylt\u00e4\u00e4n kauniin keskisininen. Kivess\u00e4 on pieni\u00e4 sulkeumia, jotka ovat h\u00e4din tuskin silmill\u00e4 n\u00e4ht\u00e4viss\u00e4. Sulkeumat eiv\u00e4t vaikuta merkitt\u00e4v\u00e4sti kiven kauneuteen, eiv\u00e4tk\u00e4 sen kest\u00e4vyyteen, mutta hinnassa t\u00e4m\u00e4 on huomioitu. Huomioi, ett\u00e4 kuva on reilusti suurennettu, jolloin my\u00f6s sulkeumat n\u00e4kyv\u00e4t selke\u00e4mmin. Kivess\u00e4 on symmetrinen hionta ja eritt\u00e4in hyv\u00e4 loisto. Safiiri on per\u00e4isin Montanan osavaltiosta USAsta. L\u00e4mp\u00f6k\u00e4sittely.<\/p>\n","protected":false},"featured_media":1331,"comment_status":"closed","ping_status":"closed","template":"","meta":[],"product_brand":[],"product_cat":[96],"product_tag":[100,89],"class_list":{"0":"post-1579","1":"product","2":"type-product","3":"status-publish","4":"has-post-thumbnail","6":"product_cat-sapphire","7":"product_tag-montanasafiiri-en","8":"product_tag-sapphire","10":"first","11":"outofstock","12":"taxable","13":"shipping-taxable","14":"purchasable","15":"product-type-variable"},"_links":{"self":[{"href":"https:\/\/namujewellery.fi\/en\/wp-json\/wp\/v2\/product\/1579","targetHints":{"allow":["GET"]}}],"collection":[{"href":"https:\/\/namujewellery.fi\/en\/wp-json\/wp\/v2\/product"}],"about":[{"href":"https:\/\/namujewellery.fi\/en\/wp-json\/wp\/v2\/types\/product"}],"replies":[{"embeddable":true,"href":"https:\/\/namujewellery.fi\/en\/wp-json\/wp\/v2\/comments?post=1579"}],"wp:featuredmedia":[{"embeddable":true,"href":"https:\/\/namujewellery.fi\/en\/wp-json\/wp\/v2\/media\/1331"}],"wp:attachment":[{"href":"https:\/\/namujewellery.fi\/en\/wp-json\/wp\/v2\/media?parent=1579"}],"wp:term":[{"taxonomy":"product_brand","embeddable":true,"href":"https:\/\/namujewellery.fi\/en\/wp-json\/wp\/v2\/product_brand?post=1579"},{"taxonomy":"product_cat","embeddable":true,"href":"https:\/\/namujewellery.fi\/en\/wp-json\/wp\/v2\/product_cat?post=1579"},{"taxonomy":"product_tag","embeddable":true,"href":"https:\/\/namujewellery.fi\/en\/wp-json\/wp\/v2\/product_tag?post=1579"}],"curies":[{"name":"wp","href":"https:\/\/api.w.org\/{rel}","templated":true}]}}