{"id":1583,"date":"2022-08-30T09:33:55","date_gmt":"2022-08-30T07:33:55","guid":{"rendered":"https:\/\/namujewellery.fi\/tuote\/ms121"},"modified":"2022-09-06T09:33:05","modified_gmt":"2022-09-06T07:33:05","slug":"ms121","status":"publish","type":"product","link":"https:\/\/namujewellery.fi\/en\/tuote\/ms121","title":{"rendered":"Py\u00f6re\u00e4 ruusuhiottu petrooli Montanan safiiri 6,6mm"},"content":{"rendered":"<p>Koko: 6,6 mm<br \/>\nPaino: 1.41 ct<br \/>\nMuoto: py\u00f6re\u00e4 ruusuhiottu<br \/>\nV\u00e4ri: petrooli<br \/>\nAlkuper\u00e4: Montana, USA<br \/>\nPuhtaus: ei silminn\u00e4ht\u00e4vi\u00e4 sulkeumia<\/p>\n","protected":false},"excerpt":{"rendered":"<p>T\u00e4m\u00e4 petroolin v\u00e4rinen ruusuhiottu kivi on kooltaan 6,6mm ja painaa 1.41ct. Kivi on hyvin puhdas, hionta on symmetrinen ja kivi v\u00e4lkehtii kauniisti liikuteltaessa. Kivess\u00e4 on v\u00e4rivy\u00f6hykkeisyytt\u00e4 sinisen s\u00e4vyiss\u00e4, eli s\u00e4vy hieman vaihtelee kivess\u00e4. T\u00e4m\u00e4 safiiri on per\u00e4isin Montanan osavaltiosta USAsta. L\u00e4mp\u00f6k\u00e4sittely.<\/p>\n","protected":false},"featured_media":1489,"comment_status":"closed","ping_status":"closed","template":"","meta":[],"product_brand":[],"product_cat":[96],"product_tag":[100,89],"class_list":{"0":"post-1583","1":"product","2":"type-product","3":"status-publish","4":"has-post-thumbnail","6":"product_cat-sapphire","7":"product_tag-montanasafiiri-en","8":"product_tag-sapphire","10":"first","11":"instock","12":"taxable","13":"shipping-taxable","14":"purchasable","15":"product-type-variable"},"_links":{"self":[{"href":"https:\/\/namujewellery.fi\/en\/wp-json\/wp\/v2\/product\/1583","targetHints":{"allow":["GET"]}}],"collection":[{"href":"https:\/\/namujewellery.fi\/en\/wp-json\/wp\/v2\/product"}],"about":[{"href":"https:\/\/namujewellery.fi\/en\/wp-json\/wp\/v2\/types\/product"}],"replies":[{"embeddable":true,"href":"https:\/\/namujewellery.fi\/en\/wp-json\/wp\/v2\/comments?post=1583"}],"wp:featuredmedia":[{"embeddable":true,"href":"https:\/\/namujewellery.fi\/en\/wp-json\/wp\/v2\/media\/1489"}],"wp:attachment":[{"href":"https:\/\/namujewellery.fi\/en\/wp-json\/wp\/v2\/media?parent=1583"}],"wp:term":[{"taxonomy":"product_brand","embeddable":true,"href":"https:\/\/namujewellery.fi\/en\/wp-json\/wp\/v2\/product_brand?post=1583"},{"taxonomy":"product_cat","embeddable":true,"href":"https:\/\/namujewellery.fi\/en\/wp-json\/wp\/v2\/product_cat?post=1583"},{"taxonomy":"product_tag","embeddable":true,"href":"https:\/\/namujewellery.fi\/en\/wp-json\/wp\/v2\/product_tag?post=1583"}],"curies":[{"name":"wp","href":"https:\/\/api.w.org\/{rel}","templated":true}]}}