{"id":1588,"date":"2022-08-30T08:02:42","date_gmt":"2022-08-30T06:02:42","guid":{"rendered":"https:\/\/namujewellery.fi\/tuote\/ms120"},"modified":"2022-09-06T09:33:30","modified_gmt":"2022-09-06T07:33:30","slug":"ms120","status":"publish","type":"product","link":"https:\/\/namujewellery.fi\/en\/tuote\/ms120","title":{"rendered":"Py\u00f6re\u00e4 ruusuhiottu sininen Montanan safiiri 5,3mm"},"content":{"rendered":"<p>Koko: 5,3 mm<br \/>\nPaino: 0.62 ct<br \/>\nMuoto: py\u00f6re\u00e4 ruusuhiottu<br \/>\nV\u00e4ri: sininen<br \/>\nAlkuper\u00e4: Montana, USA<br \/>\nPuhtaus: luuppipuhdas<\/p>\n","protected":false},"excerpt":{"rendered":"<p>T\u00e4m\u00e4 sininen ruusuhiottu kivi on kooltaan 5,3mm ja painaa 0.62ct. Kivi on hyvin puhdas, hionta on symmetrinen ja kivi v\u00e4lkehtii kauniisti liikuteltaessa. Kivess\u00e4 on v\u00e4rivy\u00f6hykkeisyytt\u00e4 sinisen s\u00e4vyiss\u00e4, eli s\u00e4vy hieman vaihtelee kivess\u00e4. T\u00e4m\u00e4 safiiri on per\u00e4isin Montanan osavaltiosta USAsta. L\u00e4mp\u00f6k\u00e4sittely.<\/p>\n","protected":false},"featured_media":1222,"comment_status":"closed","ping_status":"closed","template":"","meta":[],"product_brand":[],"product_cat":[96],"product_tag":[100,89],"class_list":{"0":"post-1588","1":"product","2":"type-product","3":"status-publish","4":"has-post-thumbnail","6":"product_cat-sapphire","7":"product_tag-montanasafiiri-en","8":"product_tag-sapphire","10":"first","11":"instock","12":"taxable","13":"shipping-taxable","14":"purchasable","15":"product-type-variable"},"_links":{"self":[{"href":"https:\/\/namujewellery.fi\/en\/wp-json\/wp\/v2\/product\/1588","targetHints":{"allow":["GET"]}}],"collection":[{"href":"https:\/\/namujewellery.fi\/en\/wp-json\/wp\/v2\/product"}],"about":[{"href":"https:\/\/namujewellery.fi\/en\/wp-json\/wp\/v2\/types\/product"}],"replies":[{"embeddable":true,"href":"https:\/\/namujewellery.fi\/en\/wp-json\/wp\/v2\/comments?post=1588"}],"wp:featuredmedia":[{"embeddable":true,"href":"https:\/\/namujewellery.fi\/en\/wp-json\/wp\/v2\/media\/1222"}],"wp:attachment":[{"href":"https:\/\/namujewellery.fi\/en\/wp-json\/wp\/v2\/media?parent=1588"}],"wp:term":[{"taxonomy":"product_brand","embeddable":true,"href":"https:\/\/namujewellery.fi\/en\/wp-json\/wp\/v2\/product_brand?post=1588"},{"taxonomy":"product_cat","embeddable":true,"href":"https:\/\/namujewellery.fi\/en\/wp-json\/wp\/v2\/product_cat?post=1588"},{"taxonomy":"product_tag","embeddable":true,"href":"https:\/\/namujewellery.fi\/en\/wp-json\/wp\/v2\/product_tag?post=1588"}],"curies":[{"name":"wp","href":"https:\/\/api.w.org\/{rel}","templated":true}]}}