{"id":1593,"date":"2022-08-29T16:30:02","date_gmt":"2022-08-29T14:30:02","guid":{"rendered":"https:\/\/namujewellery.fi\/tuote\/ms118"},"modified":"2022-08-29T16:30:02","modified_gmt":"2022-08-29T14:30:02","slug":"ms118","status":"publish","type":"product","link":"https:\/\/namujewellery.fi\/en\/tuote\/ms118","title":{"rendered":"Py\u00f6re\u00e4 sinivihre\u00e4n s\u00e4vyinen 3mm Montanan safiiri setti 6kpl"},"content":{"rendered":"<p>Koko: 3 mm<br \/>\nPaino: noin 0.90ct \/ setti<br \/>\nMuoto: py\u00f6re\u00e4 briljantti<br \/>\nV\u00e4ri: sinivihre\u00e4n s\u00e4vyiss\u00e4<br \/>\nAlkuper\u00e4: Montana, USA<\/p>\n","protected":false},"excerpt":{"rendered":"<p>Kuuden kappaleen setti 3mm Montanan safiireita sinivihre\u00e4n s\u00e4vyiss\u00e4. Kuvassa olevat v\u00e4rit ovat viitteelliset, kivien s\u00e4vy vaihtelee sinivihre\u00e4n s\u00e4vyiss\u00e4 ja koossa tolerassi 0,3mm\/setti. Kivet sopivat s\u00e4vyilt\u00e4\u00e4n toisiinsa, ja niit\u00e4 voi k\u00e4ytt\u00e4\u00e4 samassa korussa tai erikseen. Kiviss\u00e4 on symmetrinen hionta ja eritt\u00e4in hyv\u00e4 loisto. Safiirit ovat per\u00e4isin Montanan osavaltiosta USAsta. L\u00e4mp\u00f6k\u00e4sittely.<\/p>\n","protected":false},"featured_media":991,"comment_status":"closed","ping_status":"closed","template":"","meta":[],"product_brand":[],"product_cat":[96],"product_tag":[100,89],"class_list":{"0":"post-1593","1":"product","2":"type-product","3":"status-publish","4":"has-post-thumbnail","6":"product_cat-sapphire","7":"product_tag-montanasafiiri-en","8":"product_tag-sapphire","10":"first","11":"outofstock","12":"taxable","13":"shipping-taxable","14":"purchasable","15":"product-type-variable"},"_links":{"self":[{"href":"https:\/\/namujewellery.fi\/en\/wp-json\/wp\/v2\/product\/1593","targetHints":{"allow":["GET"]}}],"collection":[{"href":"https:\/\/namujewellery.fi\/en\/wp-json\/wp\/v2\/product"}],"about":[{"href":"https:\/\/namujewellery.fi\/en\/wp-json\/wp\/v2\/types\/product"}],"replies":[{"embeddable":true,"href":"https:\/\/namujewellery.fi\/en\/wp-json\/wp\/v2\/comments?post=1593"}],"wp:featuredmedia":[{"embeddable":true,"href":"https:\/\/namujewellery.fi\/en\/wp-json\/wp\/v2\/media\/991"}],"wp:attachment":[{"href":"https:\/\/namujewellery.fi\/en\/wp-json\/wp\/v2\/media?parent=1593"}],"wp:term":[{"taxonomy":"product_brand","embeddable":true,"href":"https:\/\/namujewellery.fi\/en\/wp-json\/wp\/v2\/product_brand?post=1593"},{"taxonomy":"product_cat","embeddable":true,"href":"https:\/\/namujewellery.fi\/en\/wp-json\/wp\/v2\/product_cat?post=1593"},{"taxonomy":"product_tag","embeddable":true,"href":"https:\/\/namujewellery.fi\/en\/wp-json\/wp\/v2\/product_tag?post=1593"}],"curies":[{"name":"wp","href":"https:\/\/api.w.org\/{rel}","templated":true}]}}