{"id":1603,"date":"2022-08-29T15:42:16","date_gmt":"2022-08-29T13:42:16","guid":{"rendered":"https:\/\/namujewellery.fi\/tuote\/ms114"},"modified":"2023-09-06T14:05:45","modified_gmt":"2023-09-06T12:05:45","slug":"ms114","status":"publish","type":"product","link":"https:\/\/namujewellery.fi\/en\/tuote\/ms114","title":{"rendered":"Ovaali keltavihre\u00e4 Montanan safiiri 6,4x8mm"},"content":{"rendered":"<p>Koko: 6,4 x 8 mm<br \/>\nPaino: 1.70 ct<br \/>\nMuoto: ovaali<br \/>\nV\u00e4ri: keltavihre\u00e4 bicolor<br \/>\nAlkuper\u00e4: Montana, USA<br \/>\nPuhtaus: luuppipuhdas<\/p>\n","protected":false},"excerpt":{"rendered":"<p>T\u00e4m\u00e4 keltavihre\u00e4 bicolor kivi hehkuu viidakon v\u00e4reiss\u00e4. Kivi on keskelt\u00e4 ja reunoilta vihre\u00e4 ja v\u00e4liss\u00e4 siin\u00e4 on keltainen v\u00e4rivy\u00f6hyke. Bicolor kivet ovat eritt\u00e4in suosittuja ainutlaatuisuutensa vuoksi. Bicolor kivet ovat el\u00e4v\u00e4isi\u00e4 ja niiden s\u00e4vy voi vaihdella katsontakulmasta riippuen. Kivi on hyvin puhdas ja siin\u00e4 on symmetrinen hionta ja eritt\u00e4in hyv\u00e4 loisto. Upea kivi h\u00e4ik\u00e4isem\u00e4\u00e4n sormuksen keskikiven\u00e4! T\u00e4m\u00e4 kivi sopii my\u00f6s pariksi kiven ms111 kanssa, mik\u00e4li etsit upeita safiireita korvakoruihin! Safiiri on per\u00e4isin Montanan osavaltiosta USAsta. L\u00e4mp\u00f6k\u00e4sittely.<\/p>\n","protected":false},"featured_media":1211,"comment_status":"closed","ping_status":"closed","template":"","meta":[],"product_brand":[],"product_cat":[96],"product_tag":[100,89],"class_list":{"0":"post-1603","1":"product","2":"type-product","3":"status-publish","4":"has-post-thumbnail","6":"product_cat-sapphire","7":"product_tag-montanasafiiri-en","8":"product_tag-sapphire","10":"first","11":"outofstock","12":"taxable","13":"shipping-taxable","14":"purchasable","15":"product-type-variable"},"_links":{"self":[{"href":"https:\/\/namujewellery.fi\/en\/wp-json\/wp\/v2\/product\/1603","targetHints":{"allow":["GET"]}}],"collection":[{"href":"https:\/\/namujewellery.fi\/en\/wp-json\/wp\/v2\/product"}],"about":[{"href":"https:\/\/namujewellery.fi\/en\/wp-json\/wp\/v2\/types\/product"}],"replies":[{"embeddable":true,"href":"https:\/\/namujewellery.fi\/en\/wp-json\/wp\/v2\/comments?post=1603"}],"wp:featuredmedia":[{"embeddable":true,"href":"https:\/\/namujewellery.fi\/en\/wp-json\/wp\/v2\/media\/1211"}],"wp:attachment":[{"href":"https:\/\/namujewellery.fi\/en\/wp-json\/wp\/v2\/media?parent=1603"}],"wp:term":[{"taxonomy":"product_brand","embeddable":true,"href":"https:\/\/namujewellery.fi\/en\/wp-json\/wp\/v2\/product_brand?post=1603"},{"taxonomy":"product_cat","embeddable":true,"href":"https:\/\/namujewellery.fi\/en\/wp-json\/wp\/v2\/product_cat?post=1603"},{"taxonomy":"product_tag","embeddable":true,"href":"https:\/\/namujewellery.fi\/en\/wp-json\/wp\/v2\/product_tag?post=1603"}],"curies":[{"name":"wp","href":"https:\/\/api.w.org\/{rel}","templated":true}]}}