{"id":1605,"date":"2022-08-29T15:16:25","date_gmt":"2022-08-29T13:16:25","guid":{"rendered":"https:\/\/namujewellery.fi\/tuote\/ms113"},"modified":"2022-09-06T09:38:24","modified_gmt":"2022-09-06T07:38:24","slug":"ms113","status":"publish","type":"product","link":"https:\/\/namujewellery.fi\/en\/tuote\/ms113","title":{"rendered":"Ovaali ruusuhiottu sininen Montanan safiiri 7&#215;9,5mm"},"content":{"rendered":"<p>Koko: 7 x 9,5 mm<br \/>\nPaino: 1.77 ct<br \/>\nMuoto: ovaali ruusuhiottu<br \/>\nV\u00e4ri: sininen<br \/>\nAlkuper\u00e4: Montana, USA<br \/>\nPuhtaus: pieni\u00e4 silminn\u00e4ht\u00e4vi\u00e4 sulkeumia<\/p>\n","protected":false},"excerpt":{"rendered":"<p>T\u00e4m\u00e4 sininen ruusuhiottu ovaali kivi on juuri t\u00e4ydellinen sinulle, joka etsit tummaa ja kooltaan n\u00e4ytt\u00e4v\u00e4\u00e4 vintagehenkist\u00e4 kive\u00e4. Kivi on kooltaan 7&#215;9,5mm ja painaa 1.77ct. Kivess\u00e4 on pieni\u00e4 silminn\u00e4ht\u00e4vi\u00e4 sulkeumia, jotka eiv\u00e4t kuitenkaan vaikuta kiven kauneuteen tai kest\u00e4vyyteen. Hionta on symmetrinen ja kivi v\u00e4lkehtii kauniisti liikuteltaessa. Kivess\u00e4 on v\u00e4rivy\u00f6hykkeisyytt\u00e4 sinisen s\u00e4vyiss\u00e4, eli s\u00e4vy hieman vaihtelee kivess\u00e4. T\u00e4m\u00e4 safiiri on per\u00e4isin Montanan osavaltiosta USAsta. L\u00e4mp\u00f6k\u00e4sittely.<\/p>\n","protected":false},"featured_media":1151,"comment_status":"closed","ping_status":"closed","template":"","meta":[],"product_brand":[],"product_cat":[96],"product_tag":[100,89],"class_list":{"0":"post-1605","1":"product","2":"type-product","3":"status-publish","4":"has-post-thumbnail","6":"product_cat-sapphire","7":"product_tag-montanasafiiri-en","8":"product_tag-sapphire","10":"first","11":"instock","12":"taxable","13":"shipping-taxable","14":"purchasable","15":"product-type-variable"},"_links":{"self":[{"href":"https:\/\/namujewellery.fi\/en\/wp-json\/wp\/v2\/product\/1605","targetHints":{"allow":["GET"]}}],"collection":[{"href":"https:\/\/namujewellery.fi\/en\/wp-json\/wp\/v2\/product"}],"about":[{"href":"https:\/\/namujewellery.fi\/en\/wp-json\/wp\/v2\/types\/product"}],"replies":[{"embeddable":true,"href":"https:\/\/namujewellery.fi\/en\/wp-json\/wp\/v2\/comments?post=1605"}],"wp:featuredmedia":[{"embeddable":true,"href":"https:\/\/namujewellery.fi\/en\/wp-json\/wp\/v2\/media\/1151"}],"wp:attachment":[{"href":"https:\/\/namujewellery.fi\/en\/wp-json\/wp\/v2\/media?parent=1605"}],"wp:term":[{"taxonomy":"product_brand","embeddable":true,"href":"https:\/\/namujewellery.fi\/en\/wp-json\/wp\/v2\/product_brand?post=1605"},{"taxonomy":"product_cat","embeddable":true,"href":"https:\/\/namujewellery.fi\/en\/wp-json\/wp\/v2\/product_cat?post=1605"},{"taxonomy":"product_tag","embeddable":true,"href":"https:\/\/namujewellery.fi\/en\/wp-json\/wp\/v2\/product_tag?post=1605"}],"curies":[{"name":"wp","href":"https:\/\/api.w.org\/{rel}","templated":true}]}}