{"id":1621,"date":"2022-09-06T09:59:22","date_gmt":"2022-09-06T07:59:22","guid":{"rendered":"https:\/\/namujewellery.fi\/?post_type=product&#038;p=1621"},"modified":"2022-09-06T10:05:28","modified_gmt":"2022-09-06T08:05:28","slug":"ms134","status":"publish","type":"product","link":"https:\/\/namujewellery.fi\/en\/tuote\/ms134","title":{"rendered":"Py\u00f6re\u00e4 vaalea vihert\u00e4v\u00e4nsininen Montanan safiiri 5,3mm"},"content":{"rendered":"<p>Koko: 5,3 mm<br \/>\nPaino: 0.73 ct<br \/>\nMuoto: py\u00f6re\u00e4 briljantti<br \/>\nV\u00e4ri: vaalea vihert\u00e4v\u00e4n sininen<br \/>\nAlkuper\u00e4: Montana, USA<br \/>\nPuhtaus: pieni\u00e4 silminn\u00e4ht\u00e4vi\u00e4 sulkeumia<\/p>\n","protected":false},"excerpt":{"rendered":"<p>T\u00e4m\u00e4 safiiri on s\u00e4vylt\u00e4\u00e4n aavistuksen vihre\u00e4\u00e4n taittava vaaleansininen. Kivess\u00e4 on pieni\u00e4 silminn\u00e4ht\u00e4vi\u00e4 sulkeumia, jotka eiv\u00e4t kuitenkaan vaikuta kiven loistoon tai kest\u00e4vyyteen. Sulkeumia on todella vaikea havaita paljailla silmill\u00e4. Safiiri on per\u00e4isin Montanan osavaltiosta USAsta. L\u00e4mp\u00f6k\u00e4sittely.<\/p>\n","protected":false},"featured_media":1625,"comment_status":"closed","ping_status":"closed","template":"","meta":[],"product_brand":[],"product_cat":[96],"product_tag":[100,89],"class_list":{"0":"post-1621","1":"product","2":"type-product","3":"status-publish","4":"has-post-thumbnail","6":"product_cat-sapphire","7":"product_tag-montanasafiiri-en","8":"product_tag-sapphire","10":"first","11":"instock","12":"taxable","13":"shipping-taxable","14":"purchasable","15":"product-type-variable"},"_links":{"self":[{"href":"https:\/\/namujewellery.fi\/en\/wp-json\/wp\/v2\/product\/1621","targetHints":{"allow":["GET"]}}],"collection":[{"href":"https:\/\/namujewellery.fi\/en\/wp-json\/wp\/v2\/product"}],"about":[{"href":"https:\/\/namujewellery.fi\/en\/wp-json\/wp\/v2\/types\/product"}],"replies":[{"embeddable":true,"href":"https:\/\/namujewellery.fi\/en\/wp-json\/wp\/v2\/comments?post=1621"}],"wp:featuredmedia":[{"embeddable":true,"href":"https:\/\/namujewellery.fi\/en\/wp-json\/wp\/v2\/media\/1625"}],"wp:attachment":[{"href":"https:\/\/namujewellery.fi\/en\/wp-json\/wp\/v2\/media?parent=1621"}],"wp:term":[{"taxonomy":"product_brand","embeddable":true,"href":"https:\/\/namujewellery.fi\/en\/wp-json\/wp\/v2\/product_brand?post=1621"},{"taxonomy":"product_cat","embeddable":true,"href":"https:\/\/namujewellery.fi\/en\/wp-json\/wp\/v2\/product_cat?post=1621"},{"taxonomy":"product_tag","embeddable":true,"href":"https:\/\/namujewellery.fi\/en\/wp-json\/wp\/v2\/product_tag?post=1621"}],"curies":[{"name":"wp","href":"https:\/\/api.w.org\/{rel}","templated":true}]}}