{"id":1632,"date":"2022-09-06T10:07:22","date_gmt":"2022-09-06T08:07:22","guid":{"rendered":"https:\/\/namujewellery.fi\/?post_type=product&#038;p=1632"},"modified":"2022-09-06T15:55:28","modified_gmt":"2022-09-06T13:55:28","slug":"ms135","status":"publish","type":"product","link":"https:\/\/namujewellery.fi\/en\/tuote\/ms135","title":{"rendered":"Py\u00f6re\u00e4 keltavihre\u00e4 Montanan safiiri 5,04mm"},"content":{"rendered":"<p>Koko: 5,04 mm<br \/>\nPaino: 0.56 ct<br \/>\nMuoto: py\u00f6re\u00e4 briljantti<br \/>\nV\u00e4ri: vaalea keltavihre\u00e4<br \/>\nAlkuper\u00e4: Montana, USA<br \/>\nPuhtaus: pieni\u00e4 silminn\u00e4ht\u00e4vi\u00e4 sulkeumia<\/p>\n","protected":false},"excerpt":{"rendered":"<p>T\u00e4m\u00e4 safiiri on s\u00e4vylt\u00e4\u00e4n kauniin keltavihre\u00e4. Kivess\u00e4 on pieni\u00e4 silminn\u00e4ht\u00e4vi\u00e4 sulkeumia, mutta ne ovat todella huomaamattomat. Kivess\u00e4 on symmetrinen hionta ja eritt\u00e4in hyv\u00e4 loisto. Safiiri on per\u00e4isin Montanan osavaltiosta USAsta. L\u00e4mp\u00f6k\u00e4sittely.<\/p>\n","protected":false},"featured_media":1645,"comment_status":"closed","ping_status":"closed","template":"","meta":[],"product_brand":[],"product_cat":[96],"product_tag":[100,89],"class_list":{"0":"post-1632","1":"product","2":"type-product","3":"status-publish","4":"has-post-thumbnail","6":"product_cat-sapphire","7":"product_tag-montanasafiiri-en","8":"product_tag-sapphire","10":"first","11":"instock","12":"taxable","13":"shipping-taxable","14":"purchasable","15":"product-type-variable"},"_links":{"self":[{"href":"https:\/\/namujewellery.fi\/en\/wp-json\/wp\/v2\/product\/1632","targetHints":{"allow":["GET"]}}],"collection":[{"href":"https:\/\/namujewellery.fi\/en\/wp-json\/wp\/v2\/product"}],"about":[{"href":"https:\/\/namujewellery.fi\/en\/wp-json\/wp\/v2\/types\/product"}],"replies":[{"embeddable":true,"href":"https:\/\/namujewellery.fi\/en\/wp-json\/wp\/v2\/comments?post=1632"}],"wp:featuredmedia":[{"embeddable":true,"href":"https:\/\/namujewellery.fi\/en\/wp-json\/wp\/v2\/media\/1645"}],"wp:attachment":[{"href":"https:\/\/namujewellery.fi\/en\/wp-json\/wp\/v2\/media?parent=1632"}],"wp:term":[{"taxonomy":"product_brand","embeddable":true,"href":"https:\/\/namujewellery.fi\/en\/wp-json\/wp\/v2\/product_brand?post=1632"},{"taxonomy":"product_cat","embeddable":true,"href":"https:\/\/namujewellery.fi\/en\/wp-json\/wp\/v2\/product_cat?post=1632"},{"taxonomy":"product_tag","embeddable":true,"href":"https:\/\/namujewellery.fi\/en\/wp-json\/wp\/v2\/product_tag?post=1632"}],"curies":[{"name":"wp","href":"https:\/\/api.w.org\/{rel}","templated":true}]}}