{"id":1649,"date":"2022-09-08T10:02:30","date_gmt":"2022-09-08T08:02:30","guid":{"rendered":"https:\/\/namujewellery.fi\/?post_type=product&#038;p=1649"},"modified":"2022-09-08T13:22:08","modified_gmt":"2022-09-08T11:22:08","slug":"ms137","status":"publish","type":"product","link":"https:\/\/namujewellery.fi\/en\/tuote\/ms137","title":{"rendered":"Ovaali keskisininen Montanan safiiri 5&#215;7,5mm"},"content":{"rendered":"<p>Koko: 5 x 7,5 mm<br \/>\nPaino: 0.97 ct<br \/>\nMuoto: ovaali<br \/>\nV\u00e4ri: keskisininen<br \/>\nAlkuper\u00e4: Montana, USA<br \/>\nPuhtaus: pieni\u00e4 silminn\u00e4ht\u00e4vi\u00e4 sulkeumia<\/p>\n","protected":false},"excerpt":{"rendered":"<p>T\u00e4m\u00e4 kaunis keskisininen safiiri on kooltaan 5 x 7,5mm ja painaa 0.97ct. Kivi on keskisininen, joukossa aavistus vihert\u00e4v\u00e4\u00e4. Kivi on hyvin puhdas, mutta pari pient\u00e4 sulkeumaa l\u00f6ytyy reunoilta. Ne eiv\u00e4t kuitenkaan vaikuta kiven kauneuteen tai loistoon ja ovat muutenkin vaikeasti havaittavissa. Hinnassa ne on kuitenkin otettu huomioon. Kivess\u00e4 on symmetrinen hionta ja eritt\u00e4in hyv\u00e4 loisto. Oiva kivi vaikka halo-sormukseen. Safiiri on per\u00e4isin Montanan osavaltiosta USAsta.\u00a0L\u00e4mp\u00f6k\u00e4sittely.<\/p>\n","protected":false},"featured_media":1655,"comment_status":"closed","ping_status":"closed","template":"","meta":[],"product_brand":[],"product_cat":[96],"product_tag":[100,89],"class_list":{"0":"post-1649","1":"product","2":"type-product","3":"status-publish","4":"has-post-thumbnail","6":"product_cat-sapphire","7":"product_tag-montanasafiiri-en","8":"product_tag-sapphire","10":"first","11":"instock","12":"taxable","13":"shipping-taxable","14":"purchasable","15":"product-type-variable"},"_links":{"self":[{"href":"https:\/\/namujewellery.fi\/en\/wp-json\/wp\/v2\/product\/1649","targetHints":{"allow":["GET"]}}],"collection":[{"href":"https:\/\/namujewellery.fi\/en\/wp-json\/wp\/v2\/product"}],"about":[{"href":"https:\/\/namujewellery.fi\/en\/wp-json\/wp\/v2\/types\/product"}],"replies":[{"embeddable":true,"href":"https:\/\/namujewellery.fi\/en\/wp-json\/wp\/v2\/comments?post=1649"}],"wp:featuredmedia":[{"embeddable":true,"href":"https:\/\/namujewellery.fi\/en\/wp-json\/wp\/v2\/media\/1655"}],"wp:attachment":[{"href":"https:\/\/namujewellery.fi\/en\/wp-json\/wp\/v2\/media?parent=1649"}],"wp:term":[{"taxonomy":"product_brand","embeddable":true,"href":"https:\/\/namujewellery.fi\/en\/wp-json\/wp\/v2\/product_brand?post=1649"},{"taxonomy":"product_cat","embeddable":true,"href":"https:\/\/namujewellery.fi\/en\/wp-json\/wp\/v2\/product_cat?post=1649"},{"taxonomy":"product_tag","embeddable":true,"href":"https:\/\/namujewellery.fi\/en\/wp-json\/wp\/v2\/product_tag?post=1649"}],"curies":[{"name":"wp","href":"https:\/\/api.w.org\/{rel}","templated":true}]}}