{"id":1660,"date":"2022-09-08T10:42:49","date_gmt":"2022-09-08T08:42:49","guid":{"rendered":"https:\/\/namujewellery.fi\/?post_type=product&#038;p=1660"},"modified":"2022-09-08T11:07:45","modified_gmt":"2022-09-08T09:07:45","slug":"ms138","status":"publish","type":"product","link":"https:\/\/namujewellery.fi\/en\/tuote\/ms138","title":{"rendered":"Ovaali keskisininen Montanan safiiri 4,5&#215;6,8mm"},"content":{"rendered":"<p>Koko: 4,5 x 6,8 mm<br \/>\nPaino: 0.75 ct<br \/>\nMuoto: ovaali<br \/>\nV\u00e4ri: keskisininen<br \/>\nAlkuper\u00e4: Montana, USA<br \/>\nPuhtaus: ei silminn\u00e4ht\u00e4vi\u00e4 sulkeumia<\/p>\n","protected":false},"excerpt":{"rendered":"<p>T\u00e4m\u00e4 kaunis keskisininen safiiri on kooltaan 4,5 x 6,8mm ja painaa 0.75ct. Kivi on keskisininen, joukossa aavistus violettia. Kivi on hyvin puhdas, ei silminn\u00e4ht\u00e4vi\u00e4 sulkeumia. Kivess\u00e4 on symmetrinen hionta ja eritt\u00e4in hyv\u00e4 loisto. Safiiri on per\u00e4isin Montanan osavaltiosta USAsta.\u00a0L\u00e4mp\u00f6k\u00e4sittely.<\/p>\n","protected":false},"featured_media":1664,"comment_status":"closed","ping_status":"closed","template":"","meta":[],"product_brand":[],"product_cat":[96],"product_tag":[100,89],"class_list":{"0":"post-1660","1":"product","2":"type-product","3":"status-publish","4":"has-post-thumbnail","6":"product_cat-sapphire","7":"product_tag-montanasafiiri-en","8":"product_tag-sapphire","10":"first","11":"instock","12":"taxable","13":"shipping-taxable","14":"purchasable","15":"product-type-variable"},"_links":{"self":[{"href":"https:\/\/namujewellery.fi\/en\/wp-json\/wp\/v2\/product\/1660","targetHints":{"allow":["GET"]}}],"collection":[{"href":"https:\/\/namujewellery.fi\/en\/wp-json\/wp\/v2\/product"}],"about":[{"href":"https:\/\/namujewellery.fi\/en\/wp-json\/wp\/v2\/types\/product"}],"replies":[{"embeddable":true,"href":"https:\/\/namujewellery.fi\/en\/wp-json\/wp\/v2\/comments?post=1660"}],"wp:featuredmedia":[{"embeddable":true,"href":"https:\/\/namujewellery.fi\/en\/wp-json\/wp\/v2\/media\/1664"}],"wp:attachment":[{"href":"https:\/\/namujewellery.fi\/en\/wp-json\/wp\/v2\/media?parent=1660"}],"wp:term":[{"taxonomy":"product_brand","embeddable":true,"href":"https:\/\/namujewellery.fi\/en\/wp-json\/wp\/v2\/product_brand?post=1660"},{"taxonomy":"product_cat","embeddable":true,"href":"https:\/\/namujewellery.fi\/en\/wp-json\/wp\/v2\/product_cat?post=1660"},{"taxonomy":"product_tag","embeddable":true,"href":"https:\/\/namujewellery.fi\/en\/wp-json\/wp\/v2\/product_tag?post=1660"}],"curies":[{"name":"wp","href":"https:\/\/api.w.org\/{rel}","templated":true}]}}