{"id":1676,"date":"2022-09-08T11:08:04","date_gmt":"2022-09-08T09:08:04","guid":{"rendered":"https:\/\/namujewellery.fi\/?post_type=product&#038;p=1676"},"modified":"2022-09-08T11:13:58","modified_gmt":"2022-09-08T09:13:58","slug":"ms139","status":"publish","type":"product","link":"https:\/\/namujewellery.fi\/en\/tuote\/ms139","title":{"rendered":"Ovaali keskisininen Montanan safiiri 4,1&#215;6,4mm"},"content":{"rendered":"<p>Koko: 4,1 x 6,4 mm<br \/>\nPaino: 0.65 ct<br \/>\nMuoto: ovaali<br \/>\nV\u00e4ri: keskisininen<br \/>\nAlkuper\u00e4: Montana, USA<br \/>\nPuhtaus: pieni\u00e4 silminn\u00e4ht\u00e4vi\u00e4 sulkeumia<\/p>\n","protected":false},"excerpt":{"rendered":"<p>T\u00e4m\u00e4 kaunis keskisininen safiiri on kooltaan 4,1 x 6,4mm ja painaa 0.65ct. Kivi on keskisininen, joukossa aavistus vihert\u00e4v\u00e4\u00e4. Kiviess\u00e4 on pieni\u00e4 silminn\u00e4ht\u00e4vi\u00e4 sulkeumia, mutta ne eiv\u00e4t vaikuta kiven kauneuteen tai loistoon. Hinnassa ne on kuitenkin huomioitu. Kivess\u00e4 on symmetrinen hionta ja eritt\u00e4in hyv\u00e4 loisto. Safiiri on per\u00e4isin Montanan osavaltiosta USAsta.\u00a0L\u00e4mp\u00f6k\u00e4sittely.<\/p>\n","protected":false},"featured_media":1680,"comment_status":"closed","ping_status":"closed","template":"","meta":[],"product_brand":[],"product_cat":[96],"product_tag":[100,89],"class_list":{"0":"post-1676","1":"product","2":"type-product","3":"status-publish","4":"has-post-thumbnail","6":"product_cat-sapphire","7":"product_tag-montanasafiiri-en","8":"product_tag-sapphire","10":"first","11":"instock","12":"taxable","13":"shipping-taxable","14":"purchasable","15":"product-type-variable"},"_links":{"self":[{"href":"https:\/\/namujewellery.fi\/en\/wp-json\/wp\/v2\/product\/1676","targetHints":{"allow":["GET"]}}],"collection":[{"href":"https:\/\/namujewellery.fi\/en\/wp-json\/wp\/v2\/product"}],"about":[{"href":"https:\/\/namujewellery.fi\/en\/wp-json\/wp\/v2\/types\/product"}],"replies":[{"embeddable":true,"href":"https:\/\/namujewellery.fi\/en\/wp-json\/wp\/v2\/comments?post=1676"}],"wp:featuredmedia":[{"embeddable":true,"href":"https:\/\/namujewellery.fi\/en\/wp-json\/wp\/v2\/media\/1680"}],"wp:attachment":[{"href":"https:\/\/namujewellery.fi\/en\/wp-json\/wp\/v2\/media?parent=1676"}],"wp:term":[{"taxonomy":"product_brand","embeddable":true,"href":"https:\/\/namujewellery.fi\/en\/wp-json\/wp\/v2\/product_brand?post=1676"},{"taxonomy":"product_cat","embeddable":true,"href":"https:\/\/namujewellery.fi\/en\/wp-json\/wp\/v2\/product_cat?post=1676"},{"taxonomy":"product_tag","embeddable":true,"href":"https:\/\/namujewellery.fi\/en\/wp-json\/wp\/v2\/product_tag?post=1676"}],"curies":[{"name":"wp","href":"https:\/\/api.w.org\/{rel}","templated":true}]}}