{"id":1687,"date":"2022-09-08T13:23:20","date_gmt":"2022-09-08T11:23:20","guid":{"rendered":"https:\/\/namujewellery.fi\/?post_type=product&#038;p=1687"},"modified":"2022-09-08T14:50:37","modified_gmt":"2022-09-08T12:50:37","slug":"ms141","status":"publish","type":"product","link":"https:\/\/namujewellery.fi\/en\/tuote\/ms141","title":{"rendered":"Ovaali sininen Montanan safiiri 4,7&#215;6,1mm"},"content":{"rendered":"<p>Koko: 4,7 x 6,1mm<br \/>\nPaino: 0.79 ct<br \/>\nMuoto: ovaali<br \/>\nV\u00e4ri: sininen<br \/>\nAlkuper\u00e4: Montana, USA<br \/>\nPuhtaus: silminn\u00e4ht\u00e4vi\u00e4 sulkeumia<\/p>\n","protected":false},"excerpt":{"rendered":"<p>T\u00e4m\u00e4 kaunis keskisininen safiiri on kooltaan 4,7 x 6,1mm ja painaa 0.79ct. Kivess\u00e4 on silminn\u00e4ht\u00e4vi\u00e4 sulkeumia, mutta ne ovat vaaleita, eiv\u00e4tk\u00e4 vaikuta kiven loistoon. T\u00e4m\u00e4 kivi on t\u00e4ydellinen sinulle, joka haluat upean kiven hieman huokeammalla hinnalla. Kivess\u00e4 on symmetrinen hionta ja eritt\u00e4in hyv\u00e4 loisto. Safiiri on per\u00e4isin Montanan osavaltiosta USAsta.\u00a0L\u00e4mp\u00f6k\u00e4sittely.<\/p>\n","protected":false},"featured_media":1691,"comment_status":"closed","ping_status":"closed","template":"","meta":[],"product_brand":[],"product_cat":[96],"product_tag":[100,89],"class_list":{"0":"post-1687","1":"product","2":"type-product","3":"status-publish","4":"has-post-thumbnail","6":"product_cat-sapphire","7":"product_tag-montanasafiiri-en","8":"product_tag-sapphire","10":"first","11":"outofstock","12":"taxable","13":"shipping-taxable","14":"purchasable","15":"product-type-variable"},"_links":{"self":[{"href":"https:\/\/namujewellery.fi\/en\/wp-json\/wp\/v2\/product\/1687","targetHints":{"allow":["GET"]}}],"collection":[{"href":"https:\/\/namujewellery.fi\/en\/wp-json\/wp\/v2\/product"}],"about":[{"href":"https:\/\/namujewellery.fi\/en\/wp-json\/wp\/v2\/types\/product"}],"replies":[{"embeddable":true,"href":"https:\/\/namujewellery.fi\/en\/wp-json\/wp\/v2\/comments?post=1687"}],"wp:featuredmedia":[{"embeddable":true,"href":"https:\/\/namujewellery.fi\/en\/wp-json\/wp\/v2\/media\/1691"}],"wp:attachment":[{"href":"https:\/\/namujewellery.fi\/en\/wp-json\/wp\/v2\/media?parent=1687"}],"wp:term":[{"taxonomy":"product_brand","embeddable":true,"href":"https:\/\/namujewellery.fi\/en\/wp-json\/wp\/v2\/product_brand?post=1687"},{"taxonomy":"product_cat","embeddable":true,"href":"https:\/\/namujewellery.fi\/en\/wp-json\/wp\/v2\/product_cat?post=1687"},{"taxonomy":"product_tag","embeddable":true,"href":"https:\/\/namujewellery.fi\/en\/wp-json\/wp\/v2\/product_tag?post=1687"}],"curies":[{"name":"wp","href":"https:\/\/api.w.org\/{rel}","templated":true}]}}