{"id":1705,"date":"2022-08-29T14:01:40","date_gmt":"2022-08-29T12:01:40","guid":{"rendered":"https:\/\/namujewellery.fi\/tuote\/ms110"},"modified":"2022-08-29T14:01:40","modified_gmt":"2022-08-29T12:01:40","slug":"ms110","status":"publish","type":"product","link":"https:\/\/namujewellery.fi\/en\/tuote\/ms110","title":{"rendered":"Ovaali ruusuhiottu keltaoranssi Montanan safiiri 6x8mm"},"content":{"rendered":"<p>Koko: 6 x 8 mm<br \/>\nPaino: 1.42 ct<br \/>\nMuoto: ovaali ruusuhiottu<br \/>\nV\u00e4ri: keltaoranssi bicolor<br \/>\nAlkuper\u00e4: Montana, USA<br \/>\nPuhtaus: pieni\u00e4 silminn\u00e4ht\u00e4vi\u00e4 sulkeumia<\/p>\n","protected":false},"excerpt":{"rendered":"<p>T\u00e4m\u00e4 keltaoranssi bicolor kivi hehkuu auringon v\u00e4reiss\u00e4. Kivi on reunoilta keltainen ja keskell\u00e4 siin\u00e4 on oranssi v\u00e4rivy\u00f6hyke. Bicolor kivet ovat eritt\u00e4in suosittuja ainutlaatuisuutensa vuoksi. Bicolor kivet ovat el\u00e4v\u00e4isi\u00e4 ja niiden s\u00e4vy voi vaihdella katsontakulmasta riippuen. Kivess\u00e4 on pieni\u00e4 silminn\u00e4ht\u00e4vi\u00e4 sulkeumia, mutta ne eiv\u00e4t vaikuta kiven loistoon tai kest\u00e4vyyteen. Ruusuhionta luo kiveen vintagehenke\u00e4, ja kivi v\u00e4lkehtii kauniisti liikutettaessa. Safiiri on per\u00e4isin Montanan osavaltiosta USAsta. L\u00e4mp\u00f6k\u00e4sittely.<\/p>\n","protected":false},"featured_media":1128,"comment_status":"closed","ping_status":"closed","template":"","meta":[],"product_brand":[],"product_cat":[96],"product_tag":[100,89],"class_list":{"0":"post-1705","1":"product","2":"type-product","3":"status-publish","4":"has-post-thumbnail","6":"product_cat-sapphire","7":"product_tag-montanasafiiri-en","8":"product_tag-sapphire","10":"first","11":"instock","12":"taxable","13":"shipping-taxable","14":"purchasable","15":"product-type-variable"},"_links":{"self":[{"href":"https:\/\/namujewellery.fi\/en\/wp-json\/wp\/v2\/product\/1705","targetHints":{"allow":["GET"]}}],"collection":[{"href":"https:\/\/namujewellery.fi\/en\/wp-json\/wp\/v2\/product"}],"about":[{"href":"https:\/\/namujewellery.fi\/en\/wp-json\/wp\/v2\/types\/product"}],"replies":[{"embeddable":true,"href":"https:\/\/namujewellery.fi\/en\/wp-json\/wp\/v2\/comments?post=1705"}],"wp:featuredmedia":[{"embeddable":true,"href":"https:\/\/namujewellery.fi\/en\/wp-json\/wp\/v2\/media\/1128"}],"wp:attachment":[{"href":"https:\/\/namujewellery.fi\/en\/wp-json\/wp\/v2\/media?parent=1705"}],"wp:term":[{"taxonomy":"product_brand","embeddable":true,"href":"https:\/\/namujewellery.fi\/en\/wp-json\/wp\/v2\/product_brand?post=1705"},{"taxonomy":"product_cat","embeddable":true,"href":"https:\/\/namujewellery.fi\/en\/wp-json\/wp\/v2\/product_cat?post=1705"},{"taxonomy":"product_tag","embeddable":true,"href":"https:\/\/namujewellery.fi\/en\/wp-json\/wp\/v2\/product_tag?post=1705"}],"curies":[{"name":"wp","href":"https:\/\/api.w.org\/{rel}","templated":true}]}}