{"id":1708,"date":"2022-08-25T14:31:52","date_gmt":"2022-08-25T12:31:52","guid":{"rendered":"https:\/\/namujewellery.fi\/tuote\/ms111"},"modified":"2022-08-25T14:31:52","modified_gmt":"2022-08-25T12:31:52","slug":"ms111","status":"publish","type":"product","link":"https:\/\/namujewellery.fi\/en\/tuote\/ms111","title":{"rendered":"Ovaali keltavihre\u00e4 Montanan safiiri 6,6x8mm"},"content":{"rendered":"<p>Koko: 6,6 x 8 mm<br \/>\nPaino: 1.91 ct<br \/>\nMuoto: ovaali<br \/>\nV\u00e4ri: keltavihre\u00e4 bicolor<br \/>\nAlkuper\u00e4: Montana, USA<br \/>\nPuhtaus: luuppipuhdas<\/p>\n","protected":false},"excerpt":{"rendered":"<p>T\u00e4m\u00e4 keltavihre\u00e4 bicolor kivi hehkuu viidakon v\u00e4reiss\u00e4. Kivi on reunoilta vihre\u00e4 ja keskell\u00e4 siin\u00e4 on keltainen v\u00e4rivy\u00f6hyke. Bicolor kivet ovat eritt\u00e4in suosittuja ainutlaatuisuutensa vuoksi. Bicolor kivet ovat el\u00e4v\u00e4isi\u00e4 ja niiden s\u00e4vy voi vaihdella katsontakulmasta riippuen. Kivi on hyvin puhdas ja siin\u00e4 on symmetrinen hionta ja eritt\u00e4in hyv\u00e4 loisto. Upea kivi h\u00e4ik\u00e4isem\u00e4\u00e4n sormuksen keskikiven\u00e4! T\u00e4m\u00e4 safiiri on per\u00e4isin Montanan osavaltiosta USAsta. L\u00e4mp\u00f6k\u00e4sittely. Mik\u00e4li etsit kivi\u00e4 korvakoruihin, t\u00e4m\u00e4 kivi on s\u00e4vylt\u00e4\u00e4n ja kooltaan sopiva kiven ms114 kanssa.<\/p>\n","protected":false},"featured_media":1031,"comment_status":"closed","ping_status":"closed","template":"","meta":[],"product_brand":[],"product_cat":[96],"product_tag":[100,89],"class_list":{"0":"post-1708","1":"product","2":"type-product","3":"status-publish","4":"has-post-thumbnail","6":"product_cat-sapphire","7":"product_tag-montanasafiiri-en","8":"product_tag-sapphire","10":"first","11":"instock","12":"taxable","13":"shipping-taxable","14":"purchasable","15":"product-type-variable"},"_links":{"self":[{"href":"https:\/\/namujewellery.fi\/en\/wp-json\/wp\/v2\/product\/1708","targetHints":{"allow":["GET"]}}],"collection":[{"href":"https:\/\/namujewellery.fi\/en\/wp-json\/wp\/v2\/product"}],"about":[{"href":"https:\/\/namujewellery.fi\/en\/wp-json\/wp\/v2\/types\/product"}],"replies":[{"embeddable":true,"href":"https:\/\/namujewellery.fi\/en\/wp-json\/wp\/v2\/comments?post=1708"}],"wp:featuredmedia":[{"embeddable":true,"href":"https:\/\/namujewellery.fi\/en\/wp-json\/wp\/v2\/media\/1031"}],"wp:attachment":[{"href":"https:\/\/namujewellery.fi\/en\/wp-json\/wp\/v2\/media?parent=1708"}],"wp:term":[{"taxonomy":"product_brand","embeddable":true,"href":"https:\/\/namujewellery.fi\/en\/wp-json\/wp\/v2\/product_brand?post=1708"},{"taxonomy":"product_cat","embeddable":true,"href":"https:\/\/namujewellery.fi\/en\/wp-json\/wp\/v2\/product_cat?post=1708"},{"taxonomy":"product_tag","embeddable":true,"href":"https:\/\/namujewellery.fi\/en\/wp-json\/wp\/v2\/product_tag?post=1708"}],"curies":[{"name":"wp","href":"https:\/\/api.w.org\/{rel}","templated":true}]}}