{"id":1710,"date":"2022-08-25T14:28:05","date_gmt":"2022-08-25T12:28:05","guid":{"rendered":"https:\/\/namujewellery.fi\/tuote\/aq110"},"modified":"2023-11-28T17:48:17","modified_gmt":"2023-11-28T15:48:17","slug":"aq110","status":"publish","type":"product","link":"https:\/\/namujewellery.fi\/en\/tuote\/aq110","title":{"rendered":"Pisara akvamariini pari 5x7mm"},"content":{"rendered":"<p>Koko: 5 x 7 mm<br \/>\nPaino: 1.20 ct \/ pari<br \/>\nMuoto: pisara<br \/>\nV\u00e4ri: turkoosiin taittava vaaleansininen<br \/>\nAlkuper\u00e4: Luc Yen, Vietnam<br \/>\nPuhtaus: pieni\u00e4 silmin n\u00e4ht\u00e4vi\u00e4 sulkeumia<\/p>\n","protected":false},"excerpt":{"rendered":"<p>T\u00e4m\u00e4 kaunis pisara pari sopii vaikkapa korvakoruiksi. Akvamariinin kaunis turkoosiin taittava vaaleansininen s\u00e4vy muistuttaa tropiikin l\u00e4mpimist\u00e4 vesist\u00e4. Kiviss\u00e4 on pieni\u00e4 akvamariinille tyypillisi\u00e4 sulkeumia, mutta ne eiv\u00e4t h\u00e4iritse kiven loistoa tai vaikuta kest\u00e4vyyteen. N\u00e4m\u00e4 akvamariinit tulevat Luc Yenin alueelta Vietnamista. Ei k\u00e4sittelyj\u00e4.<\/p>\n","protected":false},"featured_media":1043,"comment_status":"closed","ping_status":"closed","template":"","meta":[],"product_brand":[],"product_cat":[95],"product_tag":[55],"class_list":{"0":"post-1710","1":"product","2":"type-product","3":"status-publish","4":"has-post-thumbnail","6":"product_cat-aquamarine","7":"product_tag-aquamarine","9":"first","10":"outofstock","11":"taxable","12":"shipping-taxable","13":"purchasable","14":"product-type-variable"},"_links":{"self":[{"href":"https:\/\/namujewellery.fi\/en\/wp-json\/wp\/v2\/product\/1710","targetHints":{"allow":["GET"]}}],"collection":[{"href":"https:\/\/namujewellery.fi\/en\/wp-json\/wp\/v2\/product"}],"about":[{"href":"https:\/\/namujewellery.fi\/en\/wp-json\/wp\/v2\/types\/product"}],"replies":[{"embeddable":true,"href":"https:\/\/namujewellery.fi\/en\/wp-json\/wp\/v2\/comments?post=1710"}],"wp:featuredmedia":[{"embeddable":true,"href":"https:\/\/namujewellery.fi\/en\/wp-json\/wp\/v2\/media\/1043"}],"wp:attachment":[{"href":"https:\/\/namujewellery.fi\/en\/wp-json\/wp\/v2\/media?parent=1710"}],"wp:term":[{"taxonomy":"product_brand","embeddable":true,"href":"https:\/\/namujewellery.fi\/en\/wp-json\/wp\/v2\/product_brand?post=1710"},{"taxonomy":"product_cat","embeddable":true,"href":"https:\/\/namujewellery.fi\/en\/wp-json\/wp\/v2\/product_cat?post=1710"},{"taxonomy":"product_tag","embeddable":true,"href":"https:\/\/namujewellery.fi\/en\/wp-json\/wp\/v2\/product_tag?post=1710"}],"curies":[{"name":"wp","href":"https:\/\/api.w.org\/{rel}","templated":true}]}}