{"id":1712,"date":"2022-08-25T13:26:19","date_gmt":"2022-08-25T11:26:19","guid":{"rendered":"https:\/\/namujewellery.fi\/tuote\/spi110"},"modified":"2022-08-25T13:26:19","modified_gmt":"2022-08-25T11:26:19","slug":"spi110","status":"publish","type":"product","link":"https:\/\/namujewellery.fi\/en\/tuote\/spi110","title":{"rendered":"Vaaleanpunainen pisara spinelli 5x8mm"},"content":{"rendered":"<p>Koko: 5 x 8 mm<br \/>\nPaino: 0.90 ct<br \/>\nMuoto: pisara<br \/>\nV\u00e4ri: vaaleanpunainen<br \/>\nAlkuper\u00e4: Luc Yen, Vietnam<br \/>\nPuhtaus: ei silminn\u00e4ht\u00e4vi\u00e4 sulkeumia<\/p>\n","protected":false},"excerpt":{"rendered":"<p>T\u00e4m\u00e4 ihana vaaleanpunainen Luc Yenin spinelli on kooltaan 5 x 8 mm ja painaa 0.90 ct. Kivess\u00e4 on kaunis viile\u00e4 vaaleanpunaisen s\u00e4vy. Kiven hionta on symmetrinen ja loisto upea. Kivi on oiva valinta vaikkapa sormukseen tai riipukseen. T\u00e4m\u00e4 spinelli on per\u00e4isin Luc Yenin alueelta Vietnamista. Ei k\u00e4sittelyj\u00e4.<\/p>\n","protected":false},"featured_media":1007,"comment_status":"closed","ping_status":"closed","template":"","meta":[],"product_brand":[],"product_cat":[97],"product_tag":[56],"class_list":{"0":"post-1712","1":"product","2":"type-product","3":"status-publish","4":"has-post-thumbnail","6":"product_cat-spinel","7":"product_tag-spinel","9":"first","10":"instock","11":"taxable","12":"shipping-taxable","13":"purchasable","14":"product-type-variable"},"_links":{"self":[{"href":"https:\/\/namujewellery.fi\/en\/wp-json\/wp\/v2\/product\/1712","targetHints":{"allow":["GET"]}}],"collection":[{"href":"https:\/\/namujewellery.fi\/en\/wp-json\/wp\/v2\/product"}],"about":[{"href":"https:\/\/namujewellery.fi\/en\/wp-json\/wp\/v2\/types\/product"}],"replies":[{"embeddable":true,"href":"https:\/\/namujewellery.fi\/en\/wp-json\/wp\/v2\/comments?post=1712"}],"wp:featuredmedia":[{"embeddable":true,"href":"https:\/\/namujewellery.fi\/en\/wp-json\/wp\/v2\/media\/1007"}],"wp:attachment":[{"href":"https:\/\/namujewellery.fi\/en\/wp-json\/wp\/v2\/media?parent=1712"}],"wp:term":[{"taxonomy":"product_brand","embeddable":true,"href":"https:\/\/namujewellery.fi\/en\/wp-json\/wp\/v2\/product_brand?post=1712"},{"taxonomy":"product_cat","embeddable":true,"href":"https:\/\/namujewellery.fi\/en\/wp-json\/wp\/v2\/product_cat?post=1712"},{"taxonomy":"product_tag","embeddable":true,"href":"https:\/\/namujewellery.fi\/en\/wp-json\/wp\/v2\/product_tag?post=1712"}],"curies":[{"name":"wp","href":"https:\/\/api.w.org\/{rel}","templated":true}]}}