{"id":1777,"date":"2022-09-10T17:40:19","date_gmt":"2022-09-10T15:40:19","guid":{"rendered":"https:\/\/namujewellery.fi\/?post_type=product&#038;p=1777"},"modified":"2022-09-10T17:45:20","modified_gmt":"2022-09-10T15:45:20","slug":"spi113","status":"publish","type":"product","link":"https:\/\/namujewellery.fi\/en\/tuote\/spi113","title":{"rendered":"Oranssinpunainen py\u00f6re\u00e4 spinelli 5mm"},"content":{"rendered":"<p>Koko: 5mm<br \/>\nPaino: 0.56 ct<br \/>\nMuoto: py\u00f6re\u00e4<br \/>\nV\u00e4ri: hieman oranssiin taittava punainen<br \/>\nAlkuper\u00e4: Luc Yen, Vietnam<br \/>\nPuhtaus: pieni\u00e4 silminn\u00e4ht\u00e4vi\u00e4 sulkeumia<\/p>\n","protected":false},"excerpt":{"rendered":"<p>T\u00e4m\u00e4 upea oranssinpunainen Luc Yenin spinelli on kooltaan 5 mm ja painaa 0.56 ct. Kivess\u00e4 on kaunis hieman oranssiin taittava punaisen s\u00e4vy. Kiven hionta on symmetrinen ja loisto upea. Kivi on oiva valinta vaikkapa sormukseen tai riipukseen. T\u00e4m\u00e4 spinelli on per\u00e4isin Luc Yenin alueelta Vietnamista. Ei k\u00e4sittelyj\u00e4.<\/p>\n","protected":false},"featured_media":1787,"comment_status":"closed","ping_status":"closed","template":"","meta":[],"product_brand":[],"product_cat":[97],"product_tag":[56],"class_list":{"0":"post-1777","1":"product","2":"type-product","3":"status-publish","4":"has-post-thumbnail","6":"product_cat-spinel","7":"product_tag-spinel","9":"first","10":"instock","11":"taxable","12":"shipping-taxable","13":"purchasable","14":"product-type-variable"},"_links":{"self":[{"href":"https:\/\/namujewellery.fi\/en\/wp-json\/wp\/v2\/product\/1777","targetHints":{"allow":["GET"]}}],"collection":[{"href":"https:\/\/namujewellery.fi\/en\/wp-json\/wp\/v2\/product"}],"about":[{"href":"https:\/\/namujewellery.fi\/en\/wp-json\/wp\/v2\/types\/product"}],"replies":[{"embeddable":true,"href":"https:\/\/namujewellery.fi\/en\/wp-json\/wp\/v2\/comments?post=1777"}],"wp:featuredmedia":[{"embeddable":true,"href":"https:\/\/namujewellery.fi\/en\/wp-json\/wp\/v2\/media\/1787"}],"wp:attachment":[{"href":"https:\/\/namujewellery.fi\/en\/wp-json\/wp\/v2\/media?parent=1777"}],"wp:term":[{"taxonomy":"product_brand","embeddable":true,"href":"https:\/\/namujewellery.fi\/en\/wp-json\/wp\/v2\/product_brand?post=1777"},{"taxonomy":"product_cat","embeddable":true,"href":"https:\/\/namujewellery.fi\/en\/wp-json\/wp\/v2\/product_cat?post=1777"},{"taxonomy":"product_tag","embeddable":true,"href":"https:\/\/namujewellery.fi\/en\/wp-json\/wp\/v2\/product_tag?post=1777"}],"curies":[{"name":"wp","href":"https:\/\/api.w.org\/{rel}","templated":true}]}}