{"id":1801,"date":"2022-09-10T17:52:57","date_gmt":"2022-09-10T15:52:57","guid":{"rendered":"https:\/\/namujewellery.fi\/?post_type=product&#038;p=1801"},"modified":"2022-09-10T18:01:32","modified_gmt":"2022-09-10T16:01:32","slug":"spi115","status":"publish","type":"product","link":"https:\/\/namujewellery.fi\/en\/tuote\/spi115","title":{"rendered":"Oranssinpunainen ovaali spinellipari 4,1x6mm"},"content":{"rendered":"<p>Koko: 4,1x6mm<br \/>\nPaino: yhteens\u00e4 0.98 ct<br \/>\nMuoto: ovaali<br \/>\nV\u00e4ri: hieman oranssiin taittava punainen<br \/>\nAlkuper\u00e4: Luc Yen, Vietnam<br \/>\nPuhtaus: ei silminn\u00e4ht\u00e4vi\u00e4 sulkeumia<\/p>\n","protected":false},"excerpt":{"rendered":"<p>T\u00e4m\u00e4 upea oranssinpunainen Luc Yenin spinellipari on kooltaan 4,1x6mm ja painaa yhteens\u00e4 0.98 ct. Kiviss\u00e4 on kaunis hieman oranssiin taittava punaisen s\u00e4vy. Kivien hionta on symmetrinen ja loisto upea. Kivet sopivat korvakoruihin t\u00e4ydellisesti. Spinellit ovat per\u00e4isin Luc Yenin alueelta Vietnamista. Ei k\u00e4sittelyj\u00e4.<\/p>\n","protected":false},"featured_media":1805,"comment_status":"closed","ping_status":"closed","template":"","meta":[],"product_brand":[],"product_cat":[97],"product_tag":[56],"class_list":{"0":"post-1801","1":"product","2":"type-product","3":"status-publish","4":"has-post-thumbnail","6":"product_cat-spinel","7":"product_tag-spinel","9":"first","10":"instock","11":"taxable","12":"shipping-taxable","13":"purchasable","14":"product-type-variable"},"_links":{"self":[{"href":"https:\/\/namujewellery.fi\/en\/wp-json\/wp\/v2\/product\/1801","targetHints":{"allow":["GET"]}}],"collection":[{"href":"https:\/\/namujewellery.fi\/en\/wp-json\/wp\/v2\/product"}],"about":[{"href":"https:\/\/namujewellery.fi\/en\/wp-json\/wp\/v2\/types\/product"}],"replies":[{"embeddable":true,"href":"https:\/\/namujewellery.fi\/en\/wp-json\/wp\/v2\/comments?post=1801"}],"wp:featuredmedia":[{"embeddable":true,"href":"https:\/\/namujewellery.fi\/en\/wp-json\/wp\/v2\/media\/1805"}],"wp:attachment":[{"href":"https:\/\/namujewellery.fi\/en\/wp-json\/wp\/v2\/media?parent=1801"}],"wp:term":[{"taxonomy":"product_brand","embeddable":true,"href":"https:\/\/namujewellery.fi\/en\/wp-json\/wp\/v2\/product_brand?post=1801"},{"taxonomy":"product_cat","embeddable":true,"href":"https:\/\/namujewellery.fi\/en\/wp-json\/wp\/v2\/product_cat?post=1801"},{"taxonomy":"product_tag","embeddable":true,"href":"https:\/\/namujewellery.fi\/en\/wp-json\/wp\/v2\/product_tag?post=1801"}],"curies":[{"name":"wp","href":"https:\/\/api.w.org\/{rel}","templated":true}]}}