{"id":1816,"date":"2022-09-10T18:03:53","date_gmt":"2022-09-10T16:03:53","guid":{"rendered":"https:\/\/namujewellery.fi\/?post_type=product&#038;p=1816"},"modified":"2024-04-15T10:20:29","modified_gmt":"2024-04-15T08:20:29","slug":"spi116","status":"publish","type":"product","link":"https:\/\/namujewellery.fi\/en\/tuote\/spi116","title":{"rendered":"Roosa cushion spinelli 4,1mm"},"content":{"rendered":"<p>Koko: 4,1mm<br \/>\nPaino: 0.32 ct<br \/>\nMuoto: neli\u00f6 cushion<br \/>\nV\u00e4ri: vanha roosa<br \/>\nAlkuper\u00e4: Luc Yen, Vietnam<br \/>\nPuhtaus: ei silminn\u00e4ht\u00e4vi\u00e4 sulkeumia<\/p>\n","protected":false},"excerpt":{"rendered":"<p>T\u00e4m\u00e4 kaunis Luc Yenin spinelli on kooltaan 4,1 mm ja painaa 0.32 ct. Kivess\u00e4 on kaunis vanha roosan s\u00e4vy. Kiven hionta on symmetrinen ja loisto upea. Kivi on oiva valinta vaikkapa sormukseen tai riipukseen. T\u00e4m\u00e4 spinelli on per\u00e4isin Luc Yenin alueelta Vietnamista. Ei k\u00e4sittelyj\u00e4.<\/p>\n","protected":false},"featured_media":1824,"comment_status":"closed","ping_status":"closed","template":"","meta":[],"product_brand":[],"product_cat":[97],"product_tag":[56],"class_list":{"0":"post-1816","1":"product","2":"type-product","3":"status-publish","4":"has-post-thumbnail","6":"product_cat-spinel","7":"product_tag-spinel","9":"first","10":"instock","11":"taxable","12":"shipping-taxable","13":"purchasable","14":"product-type-variable"},"_links":{"self":[{"href":"https:\/\/namujewellery.fi\/en\/wp-json\/wp\/v2\/product\/1816","targetHints":{"allow":["GET"]}}],"collection":[{"href":"https:\/\/namujewellery.fi\/en\/wp-json\/wp\/v2\/product"}],"about":[{"href":"https:\/\/namujewellery.fi\/en\/wp-json\/wp\/v2\/types\/product"}],"replies":[{"embeddable":true,"href":"https:\/\/namujewellery.fi\/en\/wp-json\/wp\/v2\/comments?post=1816"}],"wp:featuredmedia":[{"embeddable":true,"href":"https:\/\/namujewellery.fi\/en\/wp-json\/wp\/v2\/media\/1824"}],"wp:attachment":[{"href":"https:\/\/namujewellery.fi\/en\/wp-json\/wp\/v2\/media?parent=1816"}],"wp:term":[{"taxonomy":"product_brand","embeddable":true,"href":"https:\/\/namujewellery.fi\/en\/wp-json\/wp\/v2\/product_brand?post=1816"},{"taxonomy":"product_cat","embeddable":true,"href":"https:\/\/namujewellery.fi\/en\/wp-json\/wp\/v2\/product_cat?post=1816"},{"taxonomy":"product_tag","embeddable":true,"href":"https:\/\/namujewellery.fi\/en\/wp-json\/wp\/v2\/product_tag?post=1816"}],"curies":[{"name":"wp","href":"https:\/\/api.w.org\/{rel}","templated":true}]}}