{"id":1829,"date":"2022-09-10T18:13:29","date_gmt":"2022-09-10T16:13:29","guid":{"rendered":"https:\/\/namujewellery.fi\/?post_type=product&#038;p=1829"},"modified":"2022-09-10T18:25:37","modified_gmt":"2022-09-10T16:25:37","slug":"aq111","status":"publish","type":"product","link":"https:\/\/namujewellery.fi\/en\/tuote\/aq111","title":{"rendered":"Smaragdihiottu Luc Yenin akvamariini 4x10mm"},"content":{"rendered":"<p>Koko: 4 x 10 mm<br \/>\nPaino: 1.10 ct<br \/>\nMuoto: smaragdihionta<br \/>\nV\u00e4ri: turkoosiin taittava vaaleansininen<br \/>\nAlkuper\u00e4: Luc Yen, Vietnam<br \/>\nPuhtaus: pieni\u00e4 silmin n\u00e4ht\u00e4vi\u00e4 sulkeumia<\/p>\n","protected":false},"excerpt":{"rendered":"<p>T\u00e4m\u00e4 kaunis pitk\u00e4nmallinen smaragdihiottu akvamariini olisi t\u00e4ydellinen esimerkiksi riipuksena. Akvamariinin kaunis turkoosiin taittava vaaleansininen s\u00e4vy muistuttaa tropiikin l\u00e4mpimist\u00e4 vesist\u00e4. Kivess\u00e4 on pieni\u00e4 akvamariinille tyypillisi\u00e4 sulkeumia, mutta ne eiv\u00e4t h\u00e4iritse kiven loistoa tai vaikuta kest\u00e4vyyteen. T\u00e4m\u00e4 akvamariini tulee Luc Yenin alueelta Vietnamista. Ei k\u00e4sittelyj\u00e4.<\/p>\n","protected":false},"featured_media":1835,"comment_status":"closed","ping_status":"closed","template":"","meta":[],"product_brand":[],"product_cat":[95],"product_tag":[55],"class_list":{"0":"post-1829","1":"product","2":"type-product","3":"status-publish","4":"has-post-thumbnail","6":"product_cat-aquamarine","7":"product_tag-aquamarine","9":"first","10":"instock","11":"taxable","12":"shipping-taxable","13":"purchasable","14":"product-type-variable"},"_links":{"self":[{"href":"https:\/\/namujewellery.fi\/en\/wp-json\/wp\/v2\/product\/1829","targetHints":{"allow":["GET"]}}],"collection":[{"href":"https:\/\/namujewellery.fi\/en\/wp-json\/wp\/v2\/product"}],"about":[{"href":"https:\/\/namujewellery.fi\/en\/wp-json\/wp\/v2\/types\/product"}],"replies":[{"embeddable":true,"href":"https:\/\/namujewellery.fi\/en\/wp-json\/wp\/v2\/comments?post=1829"}],"wp:featuredmedia":[{"embeddable":true,"href":"https:\/\/namujewellery.fi\/en\/wp-json\/wp\/v2\/media\/1835"}],"wp:attachment":[{"href":"https:\/\/namujewellery.fi\/en\/wp-json\/wp\/v2\/media?parent=1829"}],"wp:term":[{"taxonomy":"product_brand","embeddable":true,"href":"https:\/\/namujewellery.fi\/en\/wp-json\/wp\/v2\/product_brand?post=1829"},{"taxonomy":"product_cat","embeddable":true,"href":"https:\/\/namujewellery.fi\/en\/wp-json\/wp\/v2\/product_cat?post=1829"},{"taxonomy":"product_tag","embeddable":true,"href":"https:\/\/namujewellery.fi\/en\/wp-json\/wp\/v2\/product_tag?post=1829"}],"curies":[{"name":"wp","href":"https:\/\/api.w.org\/{rel}","templated":true}]}}