{"id":1842,"date":"2022-09-12T08:12:09","date_gmt":"2022-09-12T06:12:09","guid":{"rendered":"https:\/\/namujewellery.fi\/?post_type=product&#038;p=1842"},"modified":"2022-09-12T08:29:06","modified_gmt":"2022-09-12T06:29:06","slug":"ms143","status":"publish","type":"product","link":"https:\/\/namujewellery.fi\/en\/tuote\/ms143","title":{"rendered":"Ovaali sinivihre\u00e4 Montanan safiiri 5,7&#215;7,5mm"},"content":{"rendered":"<p>Koko: 5,7 x 7,5 mm<br \/>\nPaino: 1.37 ct<br \/>\nMuoto: ovaali<br \/>\nV\u00e4ri: sinivihre\u00e4<br \/>\nAlkuper\u00e4: Montana, USA<br \/>\nPuhtaus: pieni\u00e4 silminn\u00e4ht\u00e4vi\u00e4 sulkeumia<\/p>\n","protected":false},"excerpt":{"rendered":"<p>T\u00e4m\u00e4 upea sinivihre\u00e4 kivi v\u00e4lkehtii veden v\u00e4reiss\u00e4. Kivess\u00e4 on pieni silminn\u00e4ht\u00e4v\u00e4 sulkeuma yhdell\u00e4 reunalla, mutta se on hyvin huomaamaton ja peittyy viisteiden alle hyvin. T\u00e4m\u00e4n takia kuitenkin karaattihinta on alhaisempi, eli kivi on oikein hyv\u00e4 sijoitus. Kivess\u00e4 on symmetrinen hionta ja eritt\u00e4in hyv\u00e4 loisto. Upea kivi h\u00e4ik\u00e4isem\u00e4\u00e4n sormuksen keskikiven\u00e4! Safiiri on per\u00e4isin Montanan osavaltiosta USAsta. L\u00e4mp\u00f6k\u00e4sittely.<\/p>\n","protected":false},"featured_media":1856,"comment_status":"closed","ping_status":"closed","template":"","meta":[],"product_brand":[],"product_cat":[96],"product_tag":[100,89],"class_list":{"0":"post-1842","1":"product","2":"type-product","3":"status-publish","4":"has-post-thumbnail","6":"product_cat-sapphire","7":"product_tag-montanasafiiri-en","8":"product_tag-sapphire","10":"first","11":"instock","12":"taxable","13":"shipping-taxable","14":"purchasable","15":"product-type-variable"},"_links":{"self":[{"href":"https:\/\/namujewellery.fi\/en\/wp-json\/wp\/v2\/product\/1842","targetHints":{"allow":["GET"]}}],"collection":[{"href":"https:\/\/namujewellery.fi\/en\/wp-json\/wp\/v2\/product"}],"about":[{"href":"https:\/\/namujewellery.fi\/en\/wp-json\/wp\/v2\/types\/product"}],"replies":[{"embeddable":true,"href":"https:\/\/namujewellery.fi\/en\/wp-json\/wp\/v2\/comments?post=1842"}],"wp:featuredmedia":[{"embeddable":true,"href":"https:\/\/namujewellery.fi\/en\/wp-json\/wp\/v2\/media\/1856"}],"wp:attachment":[{"href":"https:\/\/namujewellery.fi\/en\/wp-json\/wp\/v2\/media?parent=1842"}],"wp:term":[{"taxonomy":"product_brand","embeddable":true,"href":"https:\/\/namujewellery.fi\/en\/wp-json\/wp\/v2\/product_brand?post=1842"},{"taxonomy":"product_cat","embeddable":true,"href":"https:\/\/namujewellery.fi\/en\/wp-json\/wp\/v2\/product_cat?post=1842"},{"taxonomy":"product_tag","embeddable":true,"href":"https:\/\/namujewellery.fi\/en\/wp-json\/wp\/v2\/product_tag?post=1842"}],"curies":[{"name":"wp","href":"https:\/\/api.w.org\/{rel}","templated":true}]}}