{"id":1860,"date":"2022-09-12T08:42:33","date_gmt":"2022-09-12T06:42:33","guid":{"rendered":"https:\/\/namujewellery.fi\/?post_type=product&#038;p=1860"},"modified":"2022-09-12T08:53:14","modified_gmt":"2022-09-12T06:53:14","slug":"ms144","status":"publish","type":"product","link":"https:\/\/namujewellery.fi\/en\/tuote\/ms144","title":{"rendered":"Ovaali sinivihre\u00e4 bicolor Montanan safiiri 7&#215;8,4mm"},"content":{"rendered":"<p>Koko: 7 x 8,4 mm<br \/>\nPaino: 2.58 ct<br \/>\nMuoto: ovaali<br \/>\nV\u00e4ri: sinivihre\u00e4 bicolor<br \/>\nAlkuper\u00e4: Montana, USA<br \/>\nPuhtaus: ei silminn\u00e4ht\u00e4vi\u00e4 sulkeumia<\/p>\n","protected":false},"excerpt":{"rendered":"<p>T\u00e4m\u00e4 upea tumma sinivihre\u00e4 kivi v\u00e4lkehtii viidakkolammen v\u00e4reiss\u00e4. Kivi on kaksiv\u00e4rinen niin, ett\u00e4 toinen reuna on vihre\u00e4 ja s\u00e4vy vaihtuu petrooliin toiselle reunalle ment\u00e4ess\u00e4. Upeat s\u00e4vyt ja upea kivi! Bicolor kivet ovat hyvin suosittuja niiden ainutlaatuisuuden takia. Kivess\u00e4 ei ole silminn\u00e4ht\u00e4vi\u00e4 sulkeumia, siin\u00e4 on symmetrinen hionta ja eritt\u00e4in hyv\u00e4 loisto. Upea kivi h\u00e4ik\u00e4isem\u00e4\u00e4n sormuksen keskikiven\u00e4! Safiiri on per\u00e4isin Montanan osavaltiosta USAsta. L\u00e4mp\u00f6k\u00e4sittely.<\/p>\n","protected":false},"featured_media":1870,"comment_status":"closed","ping_status":"closed","template":"","meta":[],"product_brand":[],"product_cat":[96],"product_tag":[100,89],"class_list":{"0":"post-1860","1":"product","2":"type-product","3":"status-publish","4":"has-post-thumbnail","6":"product_cat-sapphire","7":"product_tag-montanasafiiri-en","8":"product_tag-sapphire","10":"first","11":"instock","12":"taxable","13":"shipping-taxable","14":"purchasable","15":"product-type-variable"},"_links":{"self":[{"href":"https:\/\/namujewellery.fi\/en\/wp-json\/wp\/v2\/product\/1860","targetHints":{"allow":["GET"]}}],"collection":[{"href":"https:\/\/namujewellery.fi\/en\/wp-json\/wp\/v2\/product"}],"about":[{"href":"https:\/\/namujewellery.fi\/en\/wp-json\/wp\/v2\/types\/product"}],"replies":[{"embeddable":true,"href":"https:\/\/namujewellery.fi\/en\/wp-json\/wp\/v2\/comments?post=1860"}],"wp:featuredmedia":[{"embeddable":true,"href":"https:\/\/namujewellery.fi\/en\/wp-json\/wp\/v2\/media\/1870"}],"wp:attachment":[{"href":"https:\/\/namujewellery.fi\/en\/wp-json\/wp\/v2\/media?parent=1860"}],"wp:term":[{"taxonomy":"product_brand","embeddable":true,"href":"https:\/\/namujewellery.fi\/en\/wp-json\/wp\/v2\/product_brand?post=1860"},{"taxonomy":"product_cat","embeddable":true,"href":"https:\/\/namujewellery.fi\/en\/wp-json\/wp\/v2\/product_cat?post=1860"},{"taxonomy":"product_tag","embeddable":true,"href":"https:\/\/namujewellery.fi\/en\/wp-json\/wp\/v2\/product_tag?post=1860"}],"curies":[{"name":"wp","href":"https:\/\/api.w.org\/{rel}","templated":true}]}}