{"id":1874,"date":"2022-09-12T08:56:01","date_gmt":"2022-09-12T06:56:01","guid":{"rendered":"https:\/\/namujewellery.fi\/?post_type=product&#038;p=1874"},"modified":"2024-04-15T10:18:05","modified_gmt":"2024-04-15T08:18:05","slug":"ms145","status":"publish","type":"product","link":"https:\/\/namujewellery.fi\/en\/tuote\/ms145","title":{"rendered":"Ovaali ruusuhiottu keltainen bicolor Montanan safiiri 4,4&#215;5,8mm"},"content":{"rendered":"<p>Koko: 4,4 x 5,8 mm<br \/>\nPaino: 0.63 ct<br \/>\nMuoto: ovaali ruusuhiottu<br \/>\nV\u00e4ri: bicolor keltainen\/v\u00e4rit\u00f6n<br \/>\nAlkuper\u00e4: Montana, USA<br \/>\nPuhtaus: pieni\u00e4 silminn\u00e4ht\u00e4vi\u00e4 sulkeumia<\/p>\n","protected":false},"excerpt":{"rendered":"<p>T\u00e4m\u00e4 keltainen bicolor safiiri hehkuu auringon v\u00e4reiss\u00e4. Kivi on toiselta reunalta keltainen ja toiselta v\u00e4rit\u00f6n. Kive\u00e4 k\u00e4\u00e4nnett\u00e4ess\u00e4 s\u00e4vy vaihtelee kauniisti. Kivess\u00e4 on pieni\u00e4 silminn\u00e4ht\u00e4vi\u00e4 sulkeumia, mutta ne eiv\u00e4t vaikuta kiven loistoon tai kest\u00e4vyyteen. Ruusuhionta luo kiveen vintagehenke\u00e4, ja kivi v\u00e4lkehtii kauniisti liikutettaessa. Safiiri on per\u00e4isin Montanan osavaltiosta USAsta. L\u00e4mp\u00f6k\u00e4sittely.<\/p>\n","protected":false},"featured_media":1884,"comment_status":"closed","ping_status":"closed","template":"","meta":[],"product_brand":[],"product_cat":[96],"product_tag":[100,89],"class_list":{"0":"post-1874","1":"product","2":"type-product","3":"status-publish","4":"has-post-thumbnail","6":"product_cat-sapphire","7":"product_tag-montanasafiiri-en","8":"product_tag-sapphire","10":"first","11":"outofstock","12":"taxable","13":"shipping-taxable","14":"purchasable","15":"product-type-variable"},"_links":{"self":[{"href":"https:\/\/namujewellery.fi\/en\/wp-json\/wp\/v2\/product\/1874","targetHints":{"allow":["GET"]}}],"collection":[{"href":"https:\/\/namujewellery.fi\/en\/wp-json\/wp\/v2\/product"}],"about":[{"href":"https:\/\/namujewellery.fi\/en\/wp-json\/wp\/v2\/types\/product"}],"replies":[{"embeddable":true,"href":"https:\/\/namujewellery.fi\/en\/wp-json\/wp\/v2\/comments?post=1874"}],"wp:featuredmedia":[{"embeddable":true,"href":"https:\/\/namujewellery.fi\/en\/wp-json\/wp\/v2\/media\/1884"}],"wp:attachment":[{"href":"https:\/\/namujewellery.fi\/en\/wp-json\/wp\/v2\/media?parent=1874"}],"wp:term":[{"taxonomy":"product_brand","embeddable":true,"href":"https:\/\/namujewellery.fi\/en\/wp-json\/wp\/v2\/product_brand?post=1874"},{"taxonomy":"product_cat","embeddable":true,"href":"https:\/\/namujewellery.fi\/en\/wp-json\/wp\/v2\/product_cat?post=1874"},{"taxonomy":"product_tag","embeddable":true,"href":"https:\/\/namujewellery.fi\/en\/wp-json\/wp\/v2\/product_tag?post=1874"}],"curies":[{"name":"wp","href":"https:\/\/api.w.org\/{rel}","templated":true}]}}