{"id":1894,"date":"2022-09-12T09:12:54","date_gmt":"2022-09-12T07:12:54","guid":{"rendered":"https:\/\/namujewellery.fi\/?post_type=product&#038;p=1894"},"modified":"2022-09-12T09:27:12","modified_gmt":"2022-09-12T07:27:12","slug":"ms146","status":"publish","type":"product","link":"https:\/\/namujewellery.fi\/en\/tuote\/ms146","title":{"rendered":"Py\u00f6re\u00e4 ruusuhiottu keltainen Montanan safiiri 5,2mm"},"content":{"rendered":"<p>Koko: 5,2 mm<br \/>\nPaino: 0.56 ct<br \/>\nMuoto: py\u00f6re\u00e4 ruusuhiottu<br \/>\nV\u00e4ri: oranssinkeltainen<br \/>\nAlkuper\u00e4: Montana, USA<br \/>\nPuhtaus: ei silminn\u00e4ht\u00e4vi\u00e4 sulkeumia<\/p>\n","protected":false},"excerpt":{"rendered":"<p>T\u00e4m\u00e4 keltainen safiiri hehkuu auringon kanssa kilpaa. Kivi on hyvin puhdas ja tasav\u00e4rinen. Ruusuhionta luo kiveen vintagehenke\u00e4, ja kivi v\u00e4lkehtii kauniisti liikutettaessa. Safiiri on per\u00e4isin Montanan osavaltiosta USAsta. L\u00e4mp\u00f6k\u00e4sittely.<\/p>\n","protected":false},"featured_media":1906,"comment_status":"closed","ping_status":"closed","template":"","meta":[],"product_brand":[],"product_cat":[96],"product_tag":[100,89],"class_list":{"0":"post-1894","1":"product","2":"type-product","3":"status-publish","4":"has-post-thumbnail","6":"product_cat-sapphire","7":"product_tag-montanasafiiri-en","8":"product_tag-sapphire","10":"first","11":"outofstock","12":"taxable","13":"shipping-taxable","14":"purchasable","15":"product-type-variable"},"_links":{"self":[{"href":"https:\/\/namujewellery.fi\/en\/wp-json\/wp\/v2\/product\/1894","targetHints":{"allow":["GET"]}}],"collection":[{"href":"https:\/\/namujewellery.fi\/en\/wp-json\/wp\/v2\/product"}],"about":[{"href":"https:\/\/namujewellery.fi\/en\/wp-json\/wp\/v2\/types\/product"}],"replies":[{"embeddable":true,"href":"https:\/\/namujewellery.fi\/en\/wp-json\/wp\/v2\/comments?post=1894"}],"wp:featuredmedia":[{"embeddable":true,"href":"https:\/\/namujewellery.fi\/en\/wp-json\/wp\/v2\/media\/1906"}],"wp:attachment":[{"href":"https:\/\/namujewellery.fi\/en\/wp-json\/wp\/v2\/media?parent=1894"}],"wp:term":[{"taxonomy":"product_brand","embeddable":true,"href":"https:\/\/namujewellery.fi\/en\/wp-json\/wp\/v2\/product_brand?post=1894"},{"taxonomy":"product_cat","embeddable":true,"href":"https:\/\/namujewellery.fi\/en\/wp-json\/wp\/v2\/product_cat?post=1894"},{"taxonomy":"product_tag","embeddable":true,"href":"https:\/\/namujewellery.fi\/en\/wp-json\/wp\/v2\/product_tag?post=1894"}],"curies":[{"name":"wp","href":"https:\/\/api.w.org\/{rel}","templated":true}]}}