{"id":1912,"date":"2022-09-12T09:28:28","date_gmt":"2022-09-12T07:28:28","guid":{"rendered":"https:\/\/namujewellery.fi\/?post_type=product&#038;p=1912"},"modified":"2022-09-12T10:14:34","modified_gmt":"2022-09-12T08:14:34","slug":"ms147","status":"publish","type":"product","link":"https:\/\/namujewellery.fi\/en\/tuote\/ms147","title":{"rendered":"Py\u00f6re\u00e4 ruusuhiottu oranssi Montanan safiiri 5mm"},"content":{"rendered":"<p>Koko: 5 mm<br \/>\nPaino: 0.55 ct<br \/>\nMuoto: py\u00f6re\u00e4 ruusuhiottu<br \/>\nV\u00e4ri: oranssi<br \/>\nAlkuper\u00e4: Montana, USA<br \/>\nPuhtaus: pieni\u00e4 silminn\u00e4ht\u00e4vi\u00e4 sulkeumia<\/p>\n","protected":false},"excerpt":{"rendered":"<p>T\u00e4m\u00e4 oranssi safiiri hehkuu auringonlaskun v\u00e4reiss\u00e4. Kivess\u00e4 on hyvin pienet sulkeumat, mutta ne eiv\u00e4t haittaa kiven kest\u00e4vyytt\u00e4 tai loistoa. Ruusuhionta luo kiveen vintagehenke\u00e4, ja kivi v\u00e4lkehtii kauniisti liikutettaessa. Safiiri on per\u00e4isin Montanan osavaltiosta USAsta. L\u00e4mp\u00f6k\u00e4sittely.<\/p>\n","protected":false},"featured_media":1922,"comment_status":"closed","ping_status":"closed","template":"","meta":[],"product_brand":[],"product_cat":[96],"product_tag":[100,89],"class_list":{"0":"post-1912","1":"product","2":"type-product","3":"status-publish","4":"has-post-thumbnail","6":"product_cat-sapphire","7":"product_tag-montanasafiiri-en","8":"product_tag-sapphire","10":"first","11":"instock","12":"taxable","13":"shipping-taxable","14":"purchasable","15":"product-type-variable"},"_links":{"self":[{"href":"https:\/\/namujewellery.fi\/en\/wp-json\/wp\/v2\/product\/1912","targetHints":{"allow":["GET"]}}],"collection":[{"href":"https:\/\/namujewellery.fi\/en\/wp-json\/wp\/v2\/product"}],"about":[{"href":"https:\/\/namujewellery.fi\/en\/wp-json\/wp\/v2\/types\/product"}],"replies":[{"embeddable":true,"href":"https:\/\/namujewellery.fi\/en\/wp-json\/wp\/v2\/comments?post=1912"}],"wp:featuredmedia":[{"embeddable":true,"href":"https:\/\/namujewellery.fi\/en\/wp-json\/wp\/v2\/media\/1922"}],"wp:attachment":[{"href":"https:\/\/namujewellery.fi\/en\/wp-json\/wp\/v2\/media?parent=1912"}],"wp:term":[{"taxonomy":"product_brand","embeddable":true,"href":"https:\/\/namujewellery.fi\/en\/wp-json\/wp\/v2\/product_brand?post=1912"},{"taxonomy":"product_cat","embeddable":true,"href":"https:\/\/namujewellery.fi\/en\/wp-json\/wp\/v2\/product_cat?post=1912"},{"taxonomy":"product_tag","embeddable":true,"href":"https:\/\/namujewellery.fi\/en\/wp-json\/wp\/v2\/product_tag?post=1912"}],"curies":[{"name":"wp","href":"https:\/\/api.w.org\/{rel}","templated":true}]}}