{"id":1963,"date":"2022-09-12T10:14:45","date_gmt":"2022-09-12T08:14:45","guid":{"rendered":"https:\/\/namujewellery.fi\/?post_type=product&#038;p=1963"},"modified":"2022-09-12T10:21:25","modified_gmt":"2022-09-12T08:21:25","slug":"ms150","status":"publish","type":"product","link":"https:\/\/namujewellery.fi\/en\/tuote\/ms150","title":{"rendered":"Ruusuhiottu hexagon sininen Montanan safiiri 7,1mm"},"content":{"rendered":"<p>Koko: 7,1 mm<br \/>\nPaino: 1,64 ct<br \/>\nMuoto: ruusuhiottu hexagon<br \/>\nV\u00e4ri: sininen<br \/>\nAlkuper\u00e4: Montana, USA<br \/>\nPuhtaus: silminn\u00e4ht\u00e4vi\u00e4 sulkeumia<\/p>\n","protected":false},"excerpt":{"rendered":"<p>T\u00e4m\u00e4 ruusuhiottu hexagon safiiri on s\u00e4vylt\u00e4\u00e4n kaunis tummansininen. Kivess\u00e4 on silminn\u00e4ht\u00e4vi\u00e4 sulkeumia, mutta ne eiv\u00e4t haittaa kiven kest\u00e4vyytt\u00e4 tai loistoa. Kivess\u00e4 on my\u00f6s hieman v\u00e4rivy\u00f6hykkeisyytt\u00e4. Ruusuhionta luo kiveen vintagehenke\u00e4, ja kivi v\u00e4lkehtii kauniisti liikutettaessa. Ruusuhionnalla saavutetaan suurempi halkaisija pienemm\u00e4ll\u00e4 painolla, eli jos etsit isompaa kive\u00e4, mutta budjettisi on tiukka, on ruusuhionta oiva valinta! T\u00e4st\u00e4 kivest\u00e4 saat todella n\u00e4ytt\u00e4v\u00e4n keskuskiven vaikka sormukseen. Safiiri on per\u00e4isin Montanan osavaltiosta USAsta. L\u00e4mp\u00f6k\u00e4sittely.<\/p>\n","protected":false},"featured_media":1973,"comment_status":"closed","ping_status":"closed","template":"","meta":[],"product_brand":[],"product_cat":[96],"product_tag":[100,89],"class_list":{"0":"post-1963","1":"product","2":"type-product","3":"status-publish","4":"has-post-thumbnail","6":"product_cat-sapphire","7":"product_tag-montanasafiiri-en","8":"product_tag-sapphire","10":"first","11":"instock","12":"taxable","13":"shipping-taxable","14":"purchasable","15":"product-type-variable"},"_links":{"self":[{"href":"https:\/\/namujewellery.fi\/en\/wp-json\/wp\/v2\/product\/1963","targetHints":{"allow":["GET"]}}],"collection":[{"href":"https:\/\/namujewellery.fi\/en\/wp-json\/wp\/v2\/product"}],"about":[{"href":"https:\/\/namujewellery.fi\/en\/wp-json\/wp\/v2\/types\/product"}],"replies":[{"embeddable":true,"href":"https:\/\/namujewellery.fi\/en\/wp-json\/wp\/v2\/comments?post=1963"}],"wp:featuredmedia":[{"embeddable":true,"href":"https:\/\/namujewellery.fi\/en\/wp-json\/wp\/v2\/media\/1973"}],"wp:attachment":[{"href":"https:\/\/namujewellery.fi\/en\/wp-json\/wp\/v2\/media?parent=1963"}],"wp:term":[{"taxonomy":"product_brand","embeddable":true,"href":"https:\/\/namujewellery.fi\/en\/wp-json\/wp\/v2\/product_brand?post=1963"},{"taxonomy":"product_cat","embeddable":true,"href":"https:\/\/namujewellery.fi\/en\/wp-json\/wp\/v2\/product_cat?post=1963"},{"taxonomy":"product_tag","embeddable":true,"href":"https:\/\/namujewellery.fi\/en\/wp-json\/wp\/v2\/product_tag?post=1963"}],"curies":[{"name":"wp","href":"https:\/\/api.w.org\/{rel}","templated":true}]}}