{"id":1977,"date":"2022-09-12T10:30:02","date_gmt":"2022-09-12T08:30:02","guid":{"rendered":"https:\/\/namujewellery.fi\/?post_type=product&#038;p=1977"},"modified":"2023-03-29T14:23:16","modified_gmt":"2023-03-29T12:23:16","slug":"ms151","status":"publish","type":"product","link":"https:\/\/namujewellery.fi\/en\/tuote\/ms151","title":{"rendered":"Ovaali vaaleanvihre\u00e4 Montanan safiiri 4,3&#215;5,3mm"},"content":{"rendered":"<p>Koko: 4,3 x 5,3 mm<br \/>\nPaino: 0.54 ct<br \/>\nMuoto: ovaali<br \/>\nV\u00e4ri: vaaleanvihre\u00e4<br \/>\nAlkuper\u00e4: Montana, USA<br \/>\nPuhtaus: pieni\u00e4 silminn\u00e4ht\u00e4vi\u00e4 sulkeumia<\/p>\n","protected":false},"excerpt":{"rendered":"<p>T\u00e4m\u00e4 upea ovaali safiiri on kauniin vaaleanvihre\u00e4. Kivess\u00e4 on hyvin pieni\u00e4 silminn\u00e4ht\u00e4vi\u00e4 sulkeumia, mutta ne eiv\u00e4t vaikuta kiven kest\u00e4vyyteen tai loistoon. Kivess\u00e4 on upea symmetrinen hionta ja eritt\u00e4in hyv\u00e4 loisto. Safiiri on per\u00e4isin Montanan osavaltiosta USAsta. Ei lainkaan k\u00e4sittelyj\u00e4.<\/p>\n","protected":false},"featured_media":1985,"comment_status":"closed","ping_status":"closed","template":"","meta":[],"product_brand":[],"product_cat":[96],"product_tag":[100,89],"class_list":{"0":"post-1977","1":"product","2":"type-product","3":"status-publish","4":"has-post-thumbnail","6":"product_cat-sapphire","7":"product_tag-montanasafiiri-en","8":"product_tag-sapphire","10":"first","11":"outofstock","12":"taxable","13":"shipping-taxable","14":"purchasable","15":"product-type-variable"},"_links":{"self":[{"href":"https:\/\/namujewellery.fi\/en\/wp-json\/wp\/v2\/product\/1977","targetHints":{"allow":["GET"]}}],"collection":[{"href":"https:\/\/namujewellery.fi\/en\/wp-json\/wp\/v2\/product"}],"about":[{"href":"https:\/\/namujewellery.fi\/en\/wp-json\/wp\/v2\/types\/product"}],"replies":[{"embeddable":true,"href":"https:\/\/namujewellery.fi\/en\/wp-json\/wp\/v2\/comments?post=1977"}],"wp:featuredmedia":[{"embeddable":true,"href":"https:\/\/namujewellery.fi\/en\/wp-json\/wp\/v2\/media\/1985"}],"wp:attachment":[{"href":"https:\/\/namujewellery.fi\/en\/wp-json\/wp\/v2\/media?parent=1977"}],"wp:term":[{"taxonomy":"product_brand","embeddable":true,"href":"https:\/\/namujewellery.fi\/en\/wp-json\/wp\/v2\/product_brand?post=1977"},{"taxonomy":"product_cat","embeddable":true,"href":"https:\/\/namujewellery.fi\/en\/wp-json\/wp\/v2\/product_cat?post=1977"},{"taxonomy":"product_tag","embeddable":true,"href":"https:\/\/namujewellery.fi\/en\/wp-json\/wp\/v2\/product_tag?post=1977"}],"curies":[{"name":"wp","href":"https:\/\/api.w.org\/{rel}","templated":true}]}}