{"id":2041,"date":"2022-09-12T13:28:12","date_gmt":"2022-09-12T11:28:12","guid":{"rendered":"https:\/\/namujewellery.fi\/?post_type=product&#038;p=2041"},"modified":"2023-09-06T14:07:35","modified_gmt":"2023-09-06T12:07:35","slug":"ms152","status":"publish","type":"product","link":"https:\/\/namujewellery.fi\/en\/tuote\/ms152","title":{"rendered":"Ovaali vaaleanvioletti Montanan safiiri 4,6&#215;5,5mm"},"content":{"rendered":"<p>Koko: 4,6 x 5,5 mm<br \/>\nPaino: 0.73 ct<br \/>\nMuoto: ovaali<br \/>\nV\u00e4ri: vaaleanvioletti<br \/>\nAlkuper\u00e4: Montana, USA<br \/>\nPuhtaus: ei silminn\u00e4ht\u00e4vi\u00e4 sulkeumia<\/p>\n","protected":false},"excerpt":{"rendered":"<p>T\u00e4m\u00e4 upea ovaali safiiri on kauniin vaaleanvioletti. Kivess\u00e4 ei ole silminn\u00e4ht\u00e4vi\u00e4 sulkeumia, siin\u00e4 on upea symmetrinen hionta ja eritt\u00e4in hyv\u00e4 loisto. Safiiri on per\u00e4isin Montanan osavaltiosta USAsta. Ei lainkaan k\u00e4sittelyj\u00e4.<\/p>\n","protected":false},"featured_media":2047,"comment_status":"closed","ping_status":"closed","template":"","meta":[],"product_brand":[],"product_cat":[96],"product_tag":[100,89],"class_list":{"0":"post-2041","1":"product","2":"type-product","3":"status-publish","4":"has-post-thumbnail","6":"product_cat-sapphire","7":"product_tag-montanasafiiri-en","8":"product_tag-sapphire","10":"first","11":"outofstock","12":"taxable","13":"shipping-taxable","14":"purchasable","15":"product-type-variable"},"_links":{"self":[{"href":"https:\/\/namujewellery.fi\/en\/wp-json\/wp\/v2\/product\/2041","targetHints":{"allow":["GET"]}}],"collection":[{"href":"https:\/\/namujewellery.fi\/en\/wp-json\/wp\/v2\/product"}],"about":[{"href":"https:\/\/namujewellery.fi\/en\/wp-json\/wp\/v2\/types\/product"}],"replies":[{"embeddable":true,"href":"https:\/\/namujewellery.fi\/en\/wp-json\/wp\/v2\/comments?post=2041"}],"wp:featuredmedia":[{"embeddable":true,"href":"https:\/\/namujewellery.fi\/en\/wp-json\/wp\/v2\/media\/2047"}],"wp:attachment":[{"href":"https:\/\/namujewellery.fi\/en\/wp-json\/wp\/v2\/media?parent=2041"}],"wp:term":[{"taxonomy":"product_brand","embeddable":true,"href":"https:\/\/namujewellery.fi\/en\/wp-json\/wp\/v2\/product_brand?post=2041"},{"taxonomy":"product_cat","embeddable":true,"href":"https:\/\/namujewellery.fi\/en\/wp-json\/wp\/v2\/product_cat?post=2041"},{"taxonomy":"product_tag","embeddable":true,"href":"https:\/\/namujewellery.fi\/en\/wp-json\/wp\/v2\/product_tag?post=2041"}],"curies":[{"name":"wp","href":"https:\/\/api.w.org\/{rel}","templated":true}]}}