{"id":2074,"date":"2022-09-12T14:00:16","date_gmt":"2022-09-12T12:00:16","guid":{"rendered":"https:\/\/namujewellery.fi\/?post_type=product&#038;p=2074"},"modified":"2022-09-12T14:08:33","modified_gmt":"2022-09-12T12:08:33","slug":"ms153","status":"publish","type":"product","link":"https:\/\/namujewellery.fi\/en\/tuote\/ms153","title":{"rendered":"Ovaali shamppanja Montanan safiiri 4,7&#215;5,5mm"},"content":{"rendered":"<p>Koko: 4,7 x 5,5 mm<br \/>\nPaino: 0.67 ct<br \/>\nMuoto: ovaali<br \/>\nV\u00e4ri: v\u00e4rit\u00f6n\/vaalea shampanja<br \/>\nAlkuper\u00e4: Montana, USA<br \/>\nPuhtaus: pieni\u00e4 silminn\u00e4ht\u00e4vi\u00e4 sulkeumia<\/p>\n","protected":false},"excerpt":{"rendered":"<p>T\u00e4m\u00e4 upea ovaali safiiri on kaunis vaalea shampanjan s\u00e4vyinen. Kivess\u00e4 on pieni\u00e4 silminn\u00e4ht\u00e4vi\u00e4 sulkeumia, mutta ne eiv\u00e4t vaikuta kiven kest\u00e4vyyteen tai loistoon. Kivess\u00e4 on upea symmetrinen hionta ja eritt\u00e4in hyv\u00e4 loisto. Safiiri on per\u00e4isin Montanan osavaltiosta USAsta. Ei lainkaan k\u00e4sittelyj\u00e4.<\/p>\n","protected":false},"featured_media":2082,"comment_status":"closed","ping_status":"closed","template":"","meta":[],"product_brand":[],"product_cat":[96],"product_tag":[100,89],"class_list":{"0":"post-2074","1":"product","2":"type-product","3":"status-publish","4":"has-post-thumbnail","6":"product_cat-sapphire","7":"product_tag-montanasafiiri-en","8":"product_tag-sapphire","10":"first","11":"instock","12":"taxable","13":"shipping-taxable","14":"purchasable","15":"product-type-variable"},"_links":{"self":[{"href":"https:\/\/namujewellery.fi\/en\/wp-json\/wp\/v2\/product\/2074","targetHints":{"allow":["GET"]}}],"collection":[{"href":"https:\/\/namujewellery.fi\/en\/wp-json\/wp\/v2\/product"}],"about":[{"href":"https:\/\/namujewellery.fi\/en\/wp-json\/wp\/v2\/types\/product"}],"replies":[{"embeddable":true,"href":"https:\/\/namujewellery.fi\/en\/wp-json\/wp\/v2\/comments?post=2074"}],"wp:featuredmedia":[{"embeddable":true,"href":"https:\/\/namujewellery.fi\/en\/wp-json\/wp\/v2\/media\/2082"}],"wp:attachment":[{"href":"https:\/\/namujewellery.fi\/en\/wp-json\/wp\/v2\/media?parent=2074"}],"wp:term":[{"taxonomy":"product_brand","embeddable":true,"href":"https:\/\/namujewellery.fi\/en\/wp-json\/wp\/v2\/product_brand?post=2074"},{"taxonomy":"product_cat","embeddable":true,"href":"https:\/\/namujewellery.fi\/en\/wp-json\/wp\/v2\/product_cat?post=2074"},{"taxonomy":"product_tag","embeddable":true,"href":"https:\/\/namujewellery.fi\/en\/wp-json\/wp\/v2\/product_tag?post=2074"}],"curies":[{"name":"wp","href":"https:\/\/api.w.org\/{rel}","templated":true}]}}