{"id":2103,"date":"2022-09-12T14:32:51","date_gmt":"2022-09-12T12:32:51","guid":{"rendered":"https:\/\/namujewellery.fi\/?post_type=product&#038;p=2103"},"modified":"2023-09-06T14:04:00","modified_gmt":"2023-09-06T12:04:00","slug":"ms155","status":"publish","type":"product","link":"https:\/\/namujewellery.fi\/en\/tuote\/ms155","title":{"rendered":"Ovaali vaaleanpunainen Montanan safiiri 4,2&#215;5,5mm"},"content":{"rendered":"<p>Koko: 4,2 x 5,5 mm<br \/>\nPaino: 0.56 ct<br \/>\nMuoto: ovaali<br \/>\nV\u00e4ri: hyvin hempe\u00e4 vaaleanpunainen<br \/>\nAlkuper\u00e4: Montana, USA<br \/>\nPuhtaus: silminn\u00e4ht\u00e4vi\u00e4 sulkeumia<\/p>\n","protected":false},"excerpt":{"rendered":"<p>T\u00e4m\u00e4 ovaali safiiri on s\u00e4vylt\u00e4\u00e4n kaunis hempe\u00e4 vaaleanpunainen. Kivess\u00e4 on silminn\u00e4ht\u00e4vi\u00e4 sulkeumia, joka on huomioitu hinnassa. Kivess\u00e4 on upea symmetrinen hionta ja eritt\u00e4in hyv\u00e4 loisto. Safiiri on per\u00e4isin Montanan osavaltiosta USAsta. Ei lainkaan k\u00e4sittelyj\u00e4.<\/p>\n","protected":false},"featured_media":2111,"comment_status":"closed","ping_status":"closed","template":"","meta":[],"product_brand":[],"product_cat":[96],"product_tag":[100,89],"class_list":{"0":"post-2103","1":"product","2":"type-product","3":"status-publish","4":"has-post-thumbnail","6":"product_cat-sapphire","7":"product_tag-montanasafiiri-en","8":"product_tag-sapphire","10":"first","11":"outofstock","12":"taxable","13":"shipping-taxable","14":"purchasable","15":"product-type-variable"},"_links":{"self":[{"href":"https:\/\/namujewellery.fi\/en\/wp-json\/wp\/v2\/product\/2103","targetHints":{"allow":["GET"]}}],"collection":[{"href":"https:\/\/namujewellery.fi\/en\/wp-json\/wp\/v2\/product"}],"about":[{"href":"https:\/\/namujewellery.fi\/en\/wp-json\/wp\/v2\/types\/product"}],"replies":[{"embeddable":true,"href":"https:\/\/namujewellery.fi\/en\/wp-json\/wp\/v2\/comments?post=2103"}],"wp:featuredmedia":[{"embeddable":true,"href":"https:\/\/namujewellery.fi\/en\/wp-json\/wp\/v2\/media\/2111"}],"wp:attachment":[{"href":"https:\/\/namujewellery.fi\/en\/wp-json\/wp\/v2\/media?parent=2103"}],"wp:term":[{"taxonomy":"product_brand","embeddable":true,"href":"https:\/\/namujewellery.fi\/en\/wp-json\/wp\/v2\/product_brand?post=2103"},{"taxonomy":"product_cat","embeddable":true,"href":"https:\/\/namujewellery.fi\/en\/wp-json\/wp\/v2\/product_cat?post=2103"},{"taxonomy":"product_tag","embeddable":true,"href":"https:\/\/namujewellery.fi\/en\/wp-json\/wp\/v2\/product_tag?post=2103"}],"curies":[{"name":"wp","href":"https:\/\/api.w.org\/{rel}","templated":true}]}}